{"id":358,"date":"2020-06-25T15:30:50","date_gmt":"2020-06-25T15:30:50","guid":{"rendered":"https:\/\/cmzvps.com.hr\/?page_id=358"},"modified":"2022-05-04T07:19:59","modified_gmt":"2022-05-04T07:19:59","slug":"konferencije-i-skupovi","status":"publish","type":"page","link":"https:\/\/cmzvps.com.hr\/en\/konferencije-i-skupovi\/","title":{"rendered":"Conferences and meetings"},"content":{"rendered":"<div class=\"wp-block-image\"><figure class=\"aligncenter size-large is-resized\"><img decoding=\"async\" loading=\"lazy\" src=\"https:\/\/cmzvps.com.hr\/wp-content\/uploads\/2020\/06\/konfa-1024x875.png\" alt=\"HPD | U\u010dlanite se u Hrvatsko psiholo\u0161ko dru\u0161tvo! Obnovite ...\" class=\"wp-image-366\" width=\"275\" height=\"234\" srcset=\"https:\/\/cmzvps.com.hr\/wp-content\/uploads\/2020\/06\/konfa-1024x875.png 1024w, https:\/\/cmzvps.com.hr\/wp-content\/uploads\/2020\/06\/konfa-300x256.png 300w, https:\/\/cmzvps.com.hr\/wp-content\/uploads\/2020\/06\/konfa-768x656.png 768w, https:\/\/cmzvps.com.hr\/wp-content\/uploads\/2020\/06\/konfa-1200x1026.png 1200w, https:\/\/cmzvps.com.hr\/wp-content\/uploads\/2020\/06\/konfa.png 1280w\" sizes=\"(max-width: 275px) 100vw, 275px\" \/><\/figure><\/div>\n\n\n\n<p>Do sada je u organizaciji Savjetovali\u0161ta odr\u017ean znanstveno-stru\u010dni simpozij i sastanak Sekcije za klini\u010dku psihologiju.<\/p>\n\n\n\n<p><\/p>\n\n\n\n<div class=\"wp-block-image\"><figure class=\"aligncenter size-large is-resized\"><img decoding=\"async\" loading=\"lazy\" src=\"https:\/\/cmzvps.com.hr\/wp-content\/uploads\/2020\/06\/mozak-simpozij-1024x618.png\" alt=\"Brain, Mind, Emotions, Emoji, Emoticons\" class=\"wp-image-362\" width=\"378\" height=\"228\" srcset=\"https:\/\/cmzvps.com.hr\/wp-content\/uploads\/2020\/06\/mozak-simpozij-1024x618.png 1024w, https:\/\/cmzvps.com.hr\/wp-content\/uploads\/2020\/06\/mozak-simpozij-300x181.png 300w, https:\/\/cmzvps.com.hr\/wp-content\/uploads\/2020\/06\/mozak-simpozij-768x464.png 768w, https:\/\/cmzvps.com.hr\/wp-content\/uploads\/2020\/06\/mozak-simpozij-1200x725.png 1200w, https:\/\/cmzvps.com.hr\/wp-content\/uploads\/2020\/06\/mozak-simpozij.png 1280w\" sizes=\"(max-width: 378px) 100vw, 378px\" \/><figcaption><a href=\"https:\/\/pnuhp2018.wixsite.com\/mysite\">NOVI PSIHOLO\u0160KI PRISTUP U HRVATSKOJ POLICIJI &#8211; znanstveno stru\u010dni simpozij<\/a><br><\/figcaption><\/figure><\/div>\n\n\n\n<div class=\"wp-block-image\"><figure class=\"aligncenter size-large is-resized\"><img decoding=\"async\" loading=\"lazy\" src=\"https:\/\/cmzvps.com.hr\/wp-content\/uploads\/2020\/06\/hpd.png\" alt=\"\" class=\"wp-image-363\" width=\"317\" height=\"257\" srcset=\"https:\/\/cmzvps.com.hr\/wp-content\/uploads\/2020\/06\/hpd.png 500w, https:\/\/cmzvps.com.hr\/wp-content\/uploads\/2020\/06\/hpd-300x243.png 300w\" sizes=\"(max-width: 317px) 100vw, 317px\" \/><figcaption><a href=\"https:\/\/policijska-akademija.gov.hr\/vijesti\/visoka-policijska-skola-ugostila-sekciju-za-klinicku-psihologiju\/1359\">PROAKTIVNI PRISTUP MENTALNOM ZDRAVLJU HRVATSKIH POLICAJACA &#8211; sastanak Sekcije za klini\u010dku psihologiju<\/a><br><br><br><br><br><br><\/figcaption><\/figure><\/div>\n\n\n\n<div class=\"wp-block-image\"><figure class=\"aligncenter is-resized\"><img decoding=\"async\" loading=\"lazy\" src=\"https:\/\/cmzvps.com.hr\/wp-content\/uploads\/2022\/05\/savjetovaliste-logo-2022-3-987x1024.png\" alt=\"Ova slika ima prazan alt atribut ; naziv datoteke je savjetovaliste-logo-2022-3-987x1024.png\" width=\"373\" height=\"386\"\/><\/figure><\/div>","protected":false},"excerpt":{"rendered":"<p>Do sada je u organizaciji Savjetovali\u0161ta odr\u017ean znanstveno-stru\u010dni simpozij i sastanak Sekcije za klini\u010dku psihologiju.<\/p>","protected":false},"author":1,"featured_media":0,"parent":0,"menu_order":0,"comment_status":"closed","ping_status":"closed","template":"","meta":[],"_links":{"self":[{"href":"https:\/\/cmzvps.com.hr\/en\/wp-json\/wp\/v2\/pages\/358"}],"collection":[{"href":"https:\/\/cmzvps.com.hr\/en\/wp-json\/wp\/v2\/pages"}],"about":[{"href":"https:\/\/cmzvps.com.hr\/en\/wp-json\/wp\/v2\/types\/page"}],"author":[{"embeddable":true,"href":"https:\/\/cmzvps.com.hr\/en\/wp-json\/wp\/v2\/users\/1"}],"replies":[{"embeddable":true,"href":"https:\/\/cmzvps.com.hr\/en\/wp-json\/wp\/v2\/comments?post=358"}],"version-history":[{"count":12,"href":"https:\/\/cmzvps.com.hr\/en\/wp-json\/wp\/v2\/pages\/358\/revisions"}],"predecessor-version":[{"id":1299,"href":"https:\/\/cmzvps.com.hr\/en\/wp-json\/wp\/v2\/pages\/358\/revisions\/1299"}],"wp:attachment":[{"href":"https:\/\/cmzvps.com.hr\/en\/wp-json\/wp\/v2\/media?parent=358"}],"curies":[{"name":"wp","href":"https:\/\/api.w.org\/{rel}","templated":true}]}}