{"id":67,"date":"2020-06-21T15:01:30","date_gmt":"2020-06-21T15:01:30","guid":{"rendered":"https:\/\/cmzvps.com.hr\/?page_id=67"},"modified":"2022-05-04T07:58:08","modified_gmt":"2022-05-04T07:58:08","slug":"djelatnosti","status":"publish","type":"page","link":"https:\/\/cmzvps.com.hr\/en\/djelatnosti\/","title":{"rendered":"Activities"},"content":{"rendered":"<div class=\"wp-block-image\"><figure class=\"aligncenter size-large is-resized\"><img decoding=\"async\" loading=\"lazy\" src=\"https:\/\/cmzvps.com.hr\/wp-content\/uploads\/2020\/06\/tools-4046759_1280-1024x512.png\" alt=\"profile-2398782_1920.png\" class=\"wp-image-226\" width=\"322\" height=\"161\" srcset=\"https:\/\/cmzvps.com.hr\/wp-content\/uploads\/2020\/06\/tools-4046759_1280-1024x512.png 1024w, https:\/\/cmzvps.com.hr\/wp-content\/uploads\/2020\/06\/tools-4046759_1280-300x150.png 300w, https:\/\/cmzvps.com.hr\/wp-content\/uploads\/2020\/06\/tools-4046759_1280-768x384.png 768w, https:\/\/cmzvps.com.hr\/wp-content\/uploads\/2020\/06\/tools-4046759_1280-1200x600.png 1200w, https:\/\/cmzvps.com.hr\/wp-content\/uploads\/2020\/06\/tools-4046759_1280.png 1280w\" sizes=\"(max-width: 322px) 100vw, 322px\" \/><\/figure><\/div>\n\n\n\n<p>Tri osnovne djelatnosti Savjetovali\u0161ta su:<br>&nbsp;<\/p>\n\n\n\n<ol><li><a href=\"https:\/\/cmzvps.com.hr\/en\/psiholoska-pomoc\/\">Psychological counseling and psychotherapy<\/a><\/li><li><a href=\"https:\/\/cmzvps.com.hr\/en\/znanost\/\">Scientific research<\/a><\/li><li><a href=\"https:\/\/cmzvps.com.hr\/en\/edukacija\/\">Education<\/a><\/li><\/ol>\n\n\n\n<p><strong>Psychological counseling<\/strong><\/p>\n\n\n\n<p>Psiholo\u0161ka pomo\u0107 podrazumijeva individualni i grupni rad s policajcima\/studentima Visoke policijske \u0161kole. Do sad je&nbsp;ovu na\u0161u djelatnost koristilo&nbsp;vi\u0161e od 200 korisnika.<\/p>\n\n\n\n<p><strong>Znanstveno-istra\u017eiva\u010dki rad<\/strong><\/p>\n\n\n\n<p>U Savjetovali\u0161tu provodimo znanstvena istra\u017eivanja kojima provjeravamo i validiramo primijenjeni oblik psiholo\u0161ke pomo\u0107i. Do sada smo,\u00a0 na temu mentalnog zdravlja policijskih slu\u017ebenika, proveli 4 eksperimentalna i 3 korelacijska istra\u017eivanja. S prezentacijom postignutih rezultata sudjelovali smo na 18 konferencija\/skupova na kojima smo odr\u017eali 36 prezentacija.\u00a0Istra\u017eivanja\u00a0<a rel=\"noreferrer noopener\" href=\"https:\/\/cmzvps.com.hr\/en\/publikacija\/\" target=\"_blank\">objavljujemo<\/a>\u00a0kao stru\u010dne i znanstvene radove, a do sada smo objavili 4 rada te su 2 rada u postupku objave.<\/p>\n\n\n\n<p><strong>Education<\/strong><\/p>\n\n\n\n<p>Sudjelujemo u izvo\u0111enju seminara i te\u010dajeva, naj\u010de\u0161\u0107e u organizaciji Slu\u017ebe za stru\u010dno usavr\u0161avanje i specijalizaciju MUP-a. Do sada smo sudjelovali na 17 seminara\/te\u010dajeva. Provodimo edukaciju i u samostalnoj organizaciji te smo do sada odr\u017eali 15 predavanja. Sveukupno je do sada vi\u0161e od 2000 korisnika koristilo ovaj vid djelatnosti Savjetovali\u0161ta.&nbsp;U Savjetovali\u0161tu se radi i na razvoju i publiciranju edukativnih materijala i materijala samopomo\u0107i.<\/p>\n\n\n\n<p>\u200b<\/p>\n\n\n\n<div class=\"wp-block-image\"><figure class=\"aligncenter is-resized\"><img decoding=\"async\" loading=\"lazy\" src=\"https:\/\/cmzvps.com.hr\/wp-content\/uploads\/2022\/05\/savjetovaliste-logo-2022-3-987x1024.png\" alt=\"Ova slika ima prazan alt atribut ; naziv datoteke je savjetovaliste-logo-2022-3-987x1024.png\" width=\"365\" height=\"379\"\/><\/figure><\/div>","protected":false},"excerpt":{"rendered":"<p>Tri osnovne djelatnosti Savjetovali\u0161ta su:&nbsp; pru\u017eanje psiholo\u0161ke pomo\u0107i znanstveno-istra\u017eiva\u010dki rad edukacija Pru\u017eanje psiholo\u0161ke pomo\u0107i Psiholo\u0161ka pomo\u0107 podrazumijeva individualni i grupni rad s policajcima\/studentima Visoke policijske \u0161kole. Do sad je&nbsp;ovu na\u0161u djelatnost koristilo&nbsp;vi\u0161e od 200 korisnika. Znanstveno-istra\u017eiva\u010dki rad U Savjetovali\u0161tu provodimo znanstvena istra\u017eivanja kojima provjeravamo i validiramo primijenjeni oblik psiholo\u0161ke pomo\u0107i. Do sada smo,\u00a0 na temu [&hellip;]<\/p>","protected":false},"author":1,"featured_media":0,"parent":0,"menu_order":0,"comment_status":"closed","ping_status":"closed","template":"","meta":[],"_links":{"self":[{"href":"https:\/\/cmzvps.com.hr\/en\/wp-json\/wp\/v2\/pages\/67"}],"collection":[{"href":"https:\/\/cmzvps.com.hr\/en\/wp-json\/wp\/v2\/pages"}],"about":[{"href":"https:\/\/cmzvps.com.hr\/en\/wp-json\/wp\/v2\/types\/page"}],"author":[{"embeddable":true,"href":"https:\/\/cmzvps.com.hr\/en\/wp-json\/wp\/v2\/users\/1"}],"replies":[{"embeddable":true,"href":"https:\/\/cmzvps.com.hr\/en\/wp-json\/wp\/v2\/comments?post=67"}],"version-history":[{"count":21,"href":"https:\/\/cmzvps.com.hr\/en\/wp-json\/wp\/v2\/pages\/67\/revisions"}],"predecessor-version":[{"id":1327,"href":"https:\/\/cmzvps.com.hr\/en\/wp-json\/wp\/v2\/pages\/67\/revisions\/1327"}],"wp:attachment":[{"href":"https:\/\/cmzvps.com.hr\/en\/wp-json\/wp\/v2\/media?parent=67"}],"curies":[{"name":"wp","href":"https:\/\/api.w.org\/{rel}","templated":true}]}}