{"id":68,"date":"2020-06-21T15:01:30","date_gmt":"2020-06-21T15:01:30","guid":{"rendered":"https:\/\/cmzvps.com.hr\/?page_id=68"},"modified":"2022-05-04T07:24:18","modified_gmt":"2022-05-04T07:24:18","slug":"znanost","status":"publish","type":"page","link":"https:\/\/cmzvps.com.hr\/en\/znanost\/","title":{"rendered":"Research"},"content":{"rendered":"<div class=\"wp-block-image\"><figure class=\"aligncenter size-large is-resized\"><img decoding=\"async\" loading=\"lazy\" src=\"https:\/\/cmzvps.com.hr\/wp-content\/uploads\/2020\/06\/mozak2-1024x870.png\" alt=\"\" class=\"wp-image-264\" width=\"212\" height=\"180\" srcset=\"https:\/\/cmzvps.com.hr\/wp-content\/uploads\/2020\/06\/mozak2-1024x870.png 1024w, https:\/\/cmzvps.com.hr\/wp-content\/uploads\/2020\/06\/mozak2-300x255.png 300w, https:\/\/cmzvps.com.hr\/wp-content\/uploads\/2020\/06\/mozak2-768x653.png 768w, https:\/\/cmzvps.com.hr\/wp-content\/uploads\/2020\/06\/mozak2-1200x1020.png 1200w, https:\/\/cmzvps.com.hr\/wp-content\/uploads\/2020\/06\/mozak2.png 1280w\" sizes=\"(max-width: 212px) 100vw, 212px\" \/><\/figure><\/div>\n\n\n\n<p>Do sada smo proveli 4 eksperimentalna i 3 korelacijska istra\u017eivanja. S prezentacijom postignutih rezultata do sada smo sudjelovali na 18&nbsp;me\u0111unarodnih i doma\u0107ih konferencija\/skupova na kojima su, zajedno sa suradnicima, odr\u017eane 36&nbsp;prezentacija:<\/p>\n\n\n\n<p>Glavina Jela\u0161, I., Karlovi\u0107, R., Pa\u010delat, J., \u0160imi\u0107, K. (2021) Croatian police officers\u2019 satisfaction with running workout program as improvement tool for police performance (Poster presentation) 9th International Scientific Conference on Kinesiology, Opatija.<\/p>\n\n\n\n<p>Glavina Jela\u0161, I., Karlovi\u0107, R., Pa\u010delat, J. (2021) Testing the effectiveness of a running programme on the mental health of croatian police officers. (Oral presentation) 9th International Scientific Conference on Kinesiology,  Opatija.<\/p>\n\n\n\n<p>Glavina Jela\u0161, I., Karlovi\u0107, R., Pa\u010delat, J., Matec Mamuzi\u0107, I., Komadina, T. (2021). Prediktori policijskog stresa u vrije epidemije COVID-19 u Hrvatskoj. U Lj. Pa\u010di\u0107-Turk, M. \u017duti\u0107 (Ur.),&nbsp;Suo\u010davanje s kriznim situacijama \u2013 putevi ja\u010danja otpornosti.&nbsp;3. me\u0111unarodni znanstveno-stru\u010dni skup Odjela za psihologiju Hrvatskog katoli\u010dkog sveu\u010dili\u0161ta. Knjiga sa\u017eetaka&nbsp;(str. 132). Zagreb: HKS<\/p>\n\n\n\n<p>Glavina Jela\u0161, I., Karlovi\u0107, R., Pa\u010delat, J., Matec-Mamuzi\u0107, I., Komadina, T. (2021, studeni).&nbsp;&nbsp;Percepcija posla i funkcioniranja policijskog sustava u vrijeme epidemije COVID -19 u Hrvatskoj od strane policijskih slu\u017ebenika.&nbsp;(Usmeno izlaganje). Pandemija Covid-19 \u2013 odgovor nauke na izazov stolje\u0107a. XIX. Dani kriminalisti\u010dkih nauka. Sarajevo: Univerzitet u Sarajevu.<\/p>\n\n\n\n<p>Glavina Jela\u0161, I., Karlovi\u0107, R., Pa\u010delat, J., Matec-Mamuzi\u0107, I., Komadina, T (2021, velja\u010da). <em>Kako je epidemija COVID-19 utjecala na hrvatske policajce i njihovo zadovoljstvo \u017eivotom?<\/em> (Usmeno izlaganje). Rijeka psihologije. 14. Tjedan psihologije u Hrvatskoj, Rijeka.<\/p>\n\n\n\n<p>Glavina Jela\u0161, I., Karlovi\u0107, R., Pa\u010delat, J., Matec-Mamuzi\u0107, I., Komadina, T (2021, velja\u010da). <em>Virus ili potres \u2013 s \u010dime su se hrvatski policijski slu\u017ebenici bolje nosili?<\/em> (Usmeno izlaganje). Rijeka psihologije. 14. Tjedan psihologije u Hrvatskoj, Rijeka.<\/p>\n\n\n\n<p>Glavina Jela\u0161, I., Karlovi\u0107, R., Pa\u010delat, J., Matec-Mamuzi\u0107, I., Komadina, T (2021). Mentalno zdravlje hrvatskih policijskih slu\u017ebenika u vrijeme epidemije COVID-19 u RH. U I. Buri\u0107, B. Banai, I. Macuka, N. \u0160imi\u0107, A. Toki\u0107, M. Vidakovi\u0107 (Ur.), <em>XXII<\/em>. <em>Dani psihologije u Zadru. Knjiga sa\u017eetaka <\/em>(str.94). Zadar: Odjel za psihologiju Sveu\u010dili\u0161ta u Zadru.<\/p>\n\n\n\n<p>Karlovi\u0107, R., Glavina Jela\u0161, I., Pa\u010delat, J., Matec-Mamuzi\u0107, I., Komadina, T (2021). Percepcija pona\u0161anja gra\u0111ana u vrijeme epidemije COVID-19 u RH od strane policijskih slu\u017ebenika. U I. Buri\u0107, B. Banai, I. Macuka, N. \u0160imi\u0107, A. Toki\u0107, M. Vidakovi\u0107 (Ur.), <em>XXII<\/em>. <em>Dani psihologije u Zadru. Knjiga sa\u017eetaka<\/em> (str. 106). Zadar: Odjel za psihologiju Sveu\u010dili\u0161ta u Zadru.<\/p>\n\n\n\n<p>Glavina Jela\u0161, I., Pa\u010delat, J., Mahnet, K. (2020, velja\u010da). <em>Policajci i psihologija<\/em>.&nbsp;(Usmeno izlaganje). Rijeka psihologije. 13. Tjedan psihologije u Hrvatskoj, Rijeka.<\/p>\n\n\n\n<p>Glavina Jela\u0161, I., Pa\u010delat, J., Komadina, T., Juri\u0107, A., Mahnet, K. (2019). Policijska istra\u017eivanja Centra za mentalno zdravlje Visoke policijske \u0161kole. U Lj. Pa\u010di\u0107-Turk, M. Kne\u017eevi\u0107 (Ur.), <em>Mozak i um: promicanje&nbsp;dobrobiti pojedinca i zajednice.&nbsp;2. me\u0111unarodni znanstveno-stru\u010dni skup Odjela za psihologiju Hrvatskog katoli\u010dkog sveu\u010dili\u0161ta. Knjiga sa\u017eetaka<\/em> (str. 119). Zagreb: HKS<\/p>\n\n\n\n<p>Glavina Jela\u0161, I., Pa\u010delat, J., \u0160imi\u0107, K., Jozi\u0107, M, Matec Mamuzi\u0107, I. (2019). Tjelovje\u017eba i mentalno zdravlje hrvatskih policajaca.&nbsp;U D. \u0160incek. N. Rudolfi, Z. Penezi\u0107 (Ur.), <em>27. godi\u0161nja konferencija hrvatskih psihologa s me\u0111unarodnim sudjelovanjem. Knjiga sa\u017eetaka<\/em> (str. 120). Osijek:&nbsp; Hrvatsko psiholo\u0161ko dru\u0161tvo.<\/p>\n\n\n\n<p>Glavina Jela\u0161, I., Karlovi\u0107, R., Pa\u010delat, J., Baboselac-Mari\u0107, M. (2019). Police subculture and officers mental health. In (Edt.) <em>19th Annual Conference of the European Society of Criminology. Book of Abstracts<\/em> (str. 469). Ghent: Ghent Univeristy.<\/p>\n\n\n\n<p>Glavina Jela\u0161, I., Pa\u010delat, J., Karlovi\u0107, R., Komadina T. (2019, October). <em>A new \u201cthree-part\u201d approach to stress reduction in the Croatian police force.<\/em> (Oral presentation). Fifth International Conference on Law Enforcement and Public Health,Edinburgh.<\/p>\n\n\n\n<p>&nbsp;Glavina Jela\u0161, I., Pa\u010delat, J., Bagari\u0107, B., Markanovi\u0107, D. (2019). \u201cNow I\u2019m mindfully driving through life\u201d \u2013 Croatian police officers\u2019 satisfaction with MBCT training. &nbsp;In T. Heidenreich, , P. Tata, S. Blackwell (Edt.), <em>9th World Congress of Behavioural &amp; Cognitive Therapies. Book of Abstracts<\/em> (str. 212). Tubingen: dgvt Verlog.<\/p>\n\n\n\n<p>Glavina Jela\u0161, I., Pa\u010delat, J., Mahnet, K. (2019). Prihva\u0107aju li hrvatski policajci suvremene psiholo\u0161ke tretmane? U I. Cajner Mraovi\u0107, M. Kondor Langer (Ur.), <em>Zbornik sa\u017eetaka radova VI. istra\u017eiva\u010dkih dana Visoke policijske \u0161kole u Zagrebu<\/em>. &nbsp;(str. 21). Zagreb: Ministarstvo unutarnjih poslova Republike Hrvatske<\/p>\n\n\n\n<p>Glavina Jela\u0161, I., Pa\u010delat, J., Mahnet, K., Bagari\u0107, B.,&nbsp; Markanovi\u0107, D. i Baboselac-Mari\u0107, M. (2018). Psiholo\u0161ke promjene u hrvatskoj policiji \u2013 Mindfulness (usredoto\u010dena svjesnost) trening. U M. Nikoli\u0107 i sur. (Ur.), <em>Sa\u017eetci priop\u0107enja: XXI. Dani psihologije u Zadru<\/em> (str. 54). Zadar: Odjel za psihologiju Sveu\u010dili\u0161ta u Zadru.<\/p>\n\n\n\n<p>Glavina Jela\u0161, I., Pa\u010delat, J., Karlovi\u0107, R., Mahnet, K., Markanovi\u0107, D., Bagari\u0107, B. (2018). <em>Effects of Mindfulness-Based Cognitive Therapy (MBCT) on mental and physical health in Croatian police officers<\/em>. (Poster presentation). International Conference on Mindfulness (ICM) 2018, Amsterdam.<\/p>\n\n\n\n<p>Glavina Jela\u0161, I., Pa\u010delat, J. (2019, lipanj). <em>Proaktivni pristup mentalnom zdravlju hrvatskih policajaca<\/em>. (Usmeno izlaganje). Sekcija za klini\u010dku psihologiju, Zagreb.<\/p>\n\n\n\n<p>Glavina Jela\u0161, I., Pa\u010delat, J., Mahnet, K., Karlovi\u0107, R. (2018). Psychological Counseling Center at the University Police College: new approach to mental health of Croatian police officers.&nbsp;U A. Podlesek (Edt.), <em>13th Alps Adria Psychology Conference. Book of Abstracts<\/em> (str. 121). Ljubljana: Department of Psychology, Faculty of Arts, University of Ljubljana.<\/p>\n\n\n\n<p>Glavina Jela\u0161, I., Pa\u010delat, J., Karlovi\u0107, R., Mahnet, K. (2019, velja\u010da<em>). Posjeduju li policajci mindfulness osobinu?<\/em> Rijeka psihologije. (Usmeno izlaganje). 12. Tjedan psihologije u Hrvatskoj, Rijeka.<\/p>\n\n\n\n<p>Glavina Jela\u0161, I. (2018, o\u017eujak). <em>Psiholog u MUP-u.<\/em> (Usmeno izlaganje). 7. stru\u010dni skup PuP \u2013 Psihologija u Praksi, Zagreb.<\/p>\n\n\n\n<p>Glavina Jela\u0161, I., Karlovi\u0107, R. i Baboselac-Mari\u0107, M. (2018). Novi pristup brizi za mentalno zdravlje policijskih slu\u017ebenika u Hrvatskoj.U A. Braj\u0161a-\u017dganec, Z. Penezi\u0107, M. Tadi\u0107 Vuj\u010di\u0107 (Ur.), <em>26. godi\u0161nja<\/em> <em>konferencija hrvatskih psihologa s me\u0111unarodnim sudjelovanjem<\/em>. <em>Knjiga sa\u017eetaka <\/em>(str. 112).&nbsp;Sv. Martin na Muri:&nbsp; Hrvatsko psiholo\u0161ko dru\u0161tvo.<\/p>\n\n\n\n<p>Glavina Jela\u0161, I., Mahnet, K. i Pa\u010delat, J. (2018). Proces uvo\u0111enja <em>mindfulness<\/em> u hrvatsku policiju. U A. Braj\u0161a-\u017dganec, Z. Penezi\u0107, M. Tadi\u0107 Vuj\u010di\u0107 (Ur.), <em>26. Godi\u0161nja<\/em> <em>konferencija hrvatskih psihologa s me\u0111unarodnim sudjelovanjem<\/em>. <em>Knjiga sa\u017eetaka <\/em>(str. 113).&nbsp;Sv. Martin na Muri:&nbsp; Hrvatsko psiholo\u0161ko dru\u0161tvo.<\/p>\n\n\n\n<p>Markanovi\u0107, D. i Bagari\u0107, B. (2018). Prilagodba MBCT-a (<em>Mindfulness Based Cognitive Therapy<\/em>) hrvatskim policajcima. U A. Braj\u0161a-\u017dganec, Z. Penezi\u0107, M. Tadi\u0107 Vuj\u010di\u0107 (Ur.), <em>26. Godi\u0161nja<\/em> <em>konferencija hrvatskih psihologa s me\u0111unarodnim sudjelovanjem<\/em>. <em>Knjiga sa\u017eetaka <\/em>(str. 114).&nbsp;Sv. Martin na Muri:&nbsp; Hrvatsko psiholo\u0161ko dru\u0161tvo.<\/p>\n\n\n\n<p>Pa\u010delat, J., Glavina Jela\u0161, I. i Bo\u017ei\u0107, D. (2018). MBCT (<em>Mindfulness Based Cognitive Therapy<\/em>) trening u hrvatskoj policiji &#8211; rezultati 1. i 2. grupe. U A. Braj\u0161a-\u017dganec, Z. Penezi\u0107, M. Tadi\u0107 Vuj\u010di\u0107 (Ur.), <em>26. Godi\u0161nja<\/em> <em>konferencija hrvatskih psihologa s me\u0111unarodnim sudjelovanjem<\/em>. <em>Knjiga sa\u017eetaka <\/em>(str. 115).Sv. Martin na Muri:&nbsp; Hrvatsko psiholo\u0161ko dru\u0161tvo.<\/p>\n\n\n\n<p>Mahnet, K., Ga\u0161par, N., Slavi\u010dek, I. i \u0110uki\u0107, Z. (2018). <em>Mindfulness<\/em> iz perspektive policajca. U A. Braj\u0161a-\u017dganec, Z. Penezi\u0107, M. Tadi\u0107 Vuj\u010di\u0107 (Ur.), <em>26. Godi\u0161nja<\/em> <em>konferencija hrvatskih psihologa s me\u0111unarodnim sudjelovanjem<\/em>. <em>Knjiga sa\u017eetaka <\/em>(str. 116).Sv. Martin na Muri:&nbsp; Hrvatsko psiholo\u0161ko dru\u0161tvo.<\/p>\n\n\n\n<p>Glavina Jela\u0161, I. (2018, studeni). <em>Psiholo\u0161ko savjetovali\u0161te Visoke policijske \u0161kole<\/em>. (Usmeno izlaganje). Novi psiholo\u0161ki pristup u hrvatskoj policiji. Znanstveno \u2013 stru\u010dni simpozij, Zagreb.<\/p>\n\n\n\n<p>\u017div\u010di\u0107-Be\u0107irevi\u0107, I. (2018, studeni). <em>Va\u017enost brige za mentalno zdravlje<\/em>. (Usmeno izlaganje). Novi psiholo\u0161ki pristup u hrvatskoj policiji. Znanstveno \u2013 stru\u010dni simpozij, Zagreb.<\/p>\n\n\n\n<p>Barbari\u0107, D. (2018, studeni). <em>Mindfulness i mentalno zdravlje<\/em>. (Usmeno izlaganje). Novi psiholo\u0161ki pristup u hrvatskoj policiji. Znanstveno \u2013 stru\u010dni simpozij, Zagreb.<\/p>\n\n\n\n<p>\u0160koro, I. i Hlebec, B. (2018, studeni). <em>Neuroznanost i mindfulness<\/em>. (Usmeno izlaganje). Novi psiholo\u0161ki pristup u hrvatskoj policiji. Znanstveno \u2013 stru\u010dni simpozij, Zagreb.<\/p>\n\n\n\n<p>Mahnet, K. (2018, studeni). <em>Mindfulness iz perspektive policajca<\/em>. (Usmeno izlaganje). Novi psiholo\u0161ki pristup u hrvatskoj policiji. Znanstveno \u2013 stru\u010dni simpozij, Zagreb.<\/p>\n\n\n\n<p>Goerling, R. (2018, studeni). <em>The role of mindfulness in police reform. <\/em>(Usmeno izlaganje). Novi psiholo\u0161ki pristup u hrvatskoj policiji<em>. <\/em>Znanstveno \u2013 stru\u010dni simpozij, Zagreb.<\/p>\n\n\n\n<p>Markanovi\u0107, D. (2018, studeni). <em>Prilagodba i provedba MBCT-a (Mindfulness Based Cognitive Therapy) u hrvatskoj policiji<\/em>. (Usmeno izlaganje). Novi psiholo\u0161ki pristup u hrvatskoj policiji. Znanstveno \u2013 stru\u010dni simpozij, Zagreb.<\/p>\n\n\n\n<p>Pa\u010delat, J. Bo\u017ei\u0107, D. (2018, studeni). <em>Eksperimentalna provjera MBCT-a (Mindfulness Based Cognitive Therapy) na policajcima<\/em>. (Usmeno izlaganje). Novi psiholo\u0161ki pristup u hrvatskoj policiji. Znanstveno \u2013 stru\u010dni simpozij, Zagreb.<\/p>\n\n\n\n<p>Baboselac-Mari\u0107, M. (2018, studeni). <em>Psiholo\u0161ke novine u ljudskim potencijalima MUP-a<\/em>. (Usmeno izlaganje). Novi psiholo\u0161ki pristup u hrvatskoj policiji. Znanstveno \u2013 stru\u010dni simpozij, Zagreb.<\/p>\n\n\n\n<p>Bagari\u0107, B. (2018, studeni). <em>Uvod u mindfulness: Trening za um. <\/em>(Radionica). Novi psiholo\u0161ki pristup u hrvatskoj policiji. Znanstveno \u2013 stru\u010dni simpozij, Zagreb.<\/p>\n\n\n\n<p><\/p>\n\n\n\n<div class=\"wp-block-image\"><figure class=\"aligncenter is-resized\"><img decoding=\"async\" loading=\"lazy\" src=\"https:\/\/cmzvps.com.hr\/wp-content\/uploads\/2022\/05\/savjetovaliste-logo-2022-3-987x1024.png\" alt=\"Ova slika ima prazan alt atribut ; naziv datoteke je savjetovaliste-logo-2022-3-987x1024.png\" width=\"353\" height=\"365\"\/><\/figure><\/div>\n\n\n\n<p><\/p>\n\n\n\n<p>\u200b\u200b<\/p>\n\n\n\n<p>\u200b\u200b<\/p>\n\n\n\n<p>\u200b\u200b<\/p>\n\n\n\n<p>\u200b\u200b<\/p>\n\n\n\n<p>\u200b\u200b<\/p>\n\n\n\n<p>\u200b\u200b<\/p>\n\n\n\n<p>\u200b\u200b<\/p>\n\n\n\n<p>\u200b\u200b<\/p>\n\n\n\n<p>\u200b\u200b<\/p>\n\n\n\n<p>\u200b\u200b<\/p>\n\n\n\n<p>\u200b\u200b<\/p>\n\n\n\n<p>\u200b<\/p>\n\n\n\n<p>\u200b\u200b<\/p>\n\n\n\n<p>\u200b<\/p>\n\n\n\n<p>\u200b\u200b\u200b<\/p>\n\n\n\n<p>\u200b<\/p>\n\n\n\n<p>\u200b<\/p>\n\n\n\n<p>\u200b<\/p>\n\n\n\n<p>\u200b<\/p>","protected":false},"excerpt":{"rendered":"<p>Do sada smo proveli 4 eksperimentalna i 3 korelacijska istra\u017eivanja. S prezentacijom postignutih rezultata do sada smo sudjelovali na 18&nbsp;me\u0111unarodnih i doma\u0107ih konferencija\/skupova na kojima su, zajedno sa suradnicima, odr\u017eane 36&nbsp;prezentacija: Glavina Jela\u0161, I., Karlovi\u0107, R., Pa\u010delat, J., \u0160imi\u0107, K. (2021) Croatian police officers\u2019 satisfaction with running workout program as improvement tool for police performance [&hellip;]<\/p>","protected":false},"author":1,"featured_media":0,"parent":0,"menu_order":0,"comment_status":"closed","ping_status":"closed","template":"","meta":[],"_links":{"self":[{"href":"https:\/\/cmzvps.com.hr\/en\/wp-json\/wp\/v2\/pages\/68"}],"collection":[{"href":"https:\/\/cmzvps.com.hr\/en\/wp-json\/wp\/v2\/pages"}],"about":[{"href":"https:\/\/cmzvps.com.hr\/en\/wp-json\/wp\/v2\/types\/page"}],"author":[{"embeddable":true,"href":"https:\/\/cmzvps.com.hr\/en\/wp-json\/wp\/v2\/users\/1"}],"replies":[{"embeddable":true,"href":"https:\/\/cmzvps.com.hr\/en\/wp-json\/wp\/v2\/comments?post=68"}],"version-history":[{"count":25,"href":"https:\/\/cmzvps.com.hr\/en\/wp-json\/wp\/v2\/pages\/68\/revisions"}],"predecessor-version":[{"id":1305,"href":"https:\/\/cmzvps.com.hr\/en\/wp-json\/wp\/v2\/pages\/68\/revisions\/1305"}],"wp:attachment":[{"href":"https:\/\/cmzvps.com.hr\/en\/wp-json\/wp\/v2\/media?parent=68"}],"curies":[{"name":"wp","href":"https:\/\/api.w.org\/{rel}","templated":true}]}}