{"id":70,"date":"2020-06-21T15:01:30","date_gmt":"2020-06-21T15:01:30","guid":{"rendered":"https:\/\/cmzvps.com.hr\/?page_id=70"},"modified":"2022-05-04T07:24:59","modified_gmt":"2022-05-04T07:24:59","slug":"edukacija","status":"publish","type":"page","link":"https:\/\/cmzvps.com.hr\/en\/edukacija\/","title":{"rendered":"Education"},"content":{"rendered":"<div class=\"wp-block-image is-style-default\"><figure class=\"aligncenter size-large is-resized\"><img decoding=\"async\" loading=\"lazy\" src=\"https:\/\/cmzvps.com.hr\/wp-content\/uploads\/2020\/06\/\u017earulja4-546x1024.png\" alt=\"\" class=\"wp-image-207\" width=\"101\" height=\"187\"\/><\/figure><\/div>\n\n\n\n<p>Sudjelujemo u izvo\u0111enju seminara i te\u010dajeva, naj\u010de\u0161\u0107e u organizaciji Slu\u017ebe za stru\u010dno usavr\u0161avanje i specijalizaciju MUP-a. Provodimo edukaciju i u samostalnoj organizaciji te smo odr\u017eali 15 predavanja. Do sada smo s predavanjima\/radionicama\/vje\u017ebama sudjelovali na 17&nbsp;seminara\/te\u010dajeva:<\/p>\n\n\n\n<p>Stres i upravljanje stresom kod policijskih slu\u017ebenika za mlade\u017e. Seminar za stru\u010dno usavr\u0161avanje policijskih slu\u017ebenika za mlade\u017e, Slu\u017eba za stru\u010dno usavr\u0161avanje i specijalizaciju, Valbandon, 2017.<\/p>\n\n\n\n<p>Stres u obavljanju posla glasnogovornika. Specijalisti\u010dki seminar \u201eJavni nastup i prezentacijske vje\u0161tine\u201c, Slu\u017eba za stru\u010dno usavr\u0161avanje i specijalizaciju, Valbandon, 2017.<\/p>\n\n\n\n<p>Stres i upravljanje stresom kod policijskih slu\u017ebenika za mlade\u017e. Seminar za stru\u010dno usavr\u0161avanje policijskih slu\u017ebenika za mlade\u017e, 2. grupa, Slu\u017eba za stru\u010dno usavr\u0161avanje i specijalizaciju, Zagreb, 2017.<\/p>\n\n\n\n<p>No\u0161enje glasnogovornika sa stresom \u2013 vje\u017ebe. Specijalisti\u010dki seminar \u201eJavni nastup i prezentacijske vje\u0161tine\u201c, Slu\u017eba za stru\u010dno usavr\u0161avanje i specijalizaciju, Valbandon, 2018.<\/p>\n\n\n\n<p>Prevencija stresa kod policijskih slu\u017ebenika za mlade\u017e \u2013&nbsp;mindfulness&nbsp;trening. Specijalisti\u010dki te\u010daj za maloljetni\u010dku delinkvenciju i kriminalitet na \u0161tetu mlade\u017ei i obitelji, Slu\u017eba za stru\u010dno usavr\u0161avanje i specijalizaciju, Zagreb, 2018.<\/p>\n\n\n\n<p>Mentalno zdravlje policijskih slu\u017ebenika. Specijalisti\u010dki te\u010daj za maloljetni\u010dku delinkvenciju i kriminalitet na \u0161tetu mlade\u017ei i obitelji, Slu\u017eba za stru\u010dno usavr\u0161avanje i specijalizaciju, Zagreb, 2018.<\/p>\n\n\n\n<p>Stres i mentalno zdravlje policijskih slu\u017ebenika. Te\u010daj za usavr\u0161avanje rukovoditelja, Slu\u017eba za stru\u010dno usavr\u0161avanje i specijalizaciju, Osijek, Split, Rijeka, Zagreb, 2018.<\/p>\n\n\n\n<p>Komunikacijske vje\u0161tine za bolje mentalno zdravlje. Pedago\u0161ko-instruktivni seminar za predava\u010de-instruktore, Slu\u017eba za stru\u010dno usavr\u0161avanje i specijalizaciju, Zagreb, 2019.<\/p>\n\n\n\n<p>Stres i mentalno zdravlje policijskih slu\u017ebenika. Stru\u010dno usavr\u0161avanje policijskih rukovoditelja srednje razine rukovo\u0111enja \u2013 pomo\u0107nici na\u010delnika policijskih postaja, Slu\u017eba za stru\u010dno usavr\u0161avanje i specijalizaciju, Osijek, Split, Rijeka, Zagreb, 2019.<\/p>\n\n\n\n<p>Mental health care for police officers.&nbsp;Document control as a comprehensive assessment of the traits and behaviour of a person \u2013 psychological aspects of identity verification. Slu\u017eba za razvoj policijskog obrazovanja i nakladni\u010dko-knji\u017eni\u010dnu djelatnost, Zagreb, 2019.<\/p>\n\n\n\n<p>\u200bStres i mentalno zdravlje. Modul edukacije Hrvatskog Crvenog kri\u017ea za grani\u010dnu policiju. Hrvatski Crveni kri\u017e, Zagreb, 2019.<\/p>\n\n\n\n<p>Mentalno zdravlje \u201cfirst respondersa\u201d. Javna vatrogasna postrojba, Zapre\u0161i\u0107, 2019.<\/p>\n\n\n\n<p>Komunikacijske vje\u0161tine. Te\u010daj za usavr\u0161avanje rukovoditelja, Slu\u017eba za stru\u010dno usavr\u0161avanje i specijalizaciju, Osijek, Split, Rijeka, Zagreb, 2020.<\/p>\n\n\n\n<p>Komunikacijske vje\u0161tine. Stru\u010dno usavr\u0161avanje policijskih rukovoditelja srednje razine rukovo\u0111enja \u2013 pomo\u0107nici na\u010delnika policijskih postaja, Slu\u017eba za stru\u010dno usavr\u0161avanje i specijalizaciju, Osijek, Split, Rijeka, Zagreb, 2020.<\/p>\n\n\n\n<p>Mentalno zdravlje policijskih slu\u017ebenika. Specijalisti\u010dki te\u010daj za maloljetni\u010dku delinkvenciju i kriminalitet na \u0161tetu mlade\u017ei i obitelji, Slu\u017eba za stru\u010dno usavr\u0161avanje i specijalizaciju, Zagreb, 2020.<\/p>\n\n\n\n<p>\u200bPrevencija profesionalnog stresa i sagorijevanja \u2013 vje\u017ebe i predavanje. Modul edukacije Hrvatskog Crvenog kri\u017ea za grani\u010dnu policiju. Hrvatski Crveni Kri\u017e, Marija bistrica, 2020.<\/p>\n\n\n\n<p>Prevencija stresa i rizi\u010dnih situacija kod policijskih slu\u017ebenika te upravljanje stresom, Motivacija. Stru\u010dno usavr\u0161avanje policijskih rukovoditelja srednje razine rukovo\u0111enja u Zagrebu (2021) \u2013 pomo\u0107nici na\u010delnika policijskih postaja; 19.04. kriminalisti\u010dka policija, 26.04. grani\u010dna policija, 3.5. temeljna policija. Slu\u017eba za stru\u010dno usavr\u0161avanje i specijalizaciju, 2021.<\/p>\n\n\n\n<p>Prevencija stresa i rizi\u010dnih situacija kod policijskih slu\u017ebenika te upravljanje stresom, Motivacija. Stru\u010dno usavr\u0161avanje policijskih rukovoditelja srednje razine rukovo\u0111enja u Osijeku (2021) \u2013 pomo\u0107nici na\u010delnika policijskih postaja; 21.09. kriminalisti\u010dka policija, 28.09. grani\u010dna policija, 5.10. temeljna policija. Slu\u017eba za stru\u010dno usavr\u0161avanje i specijalizaciju.<\/p>\n\n\n\n<p><\/p>\n\n\n\n<div class=\"wp-block-image\"><figure class=\"aligncenter is-resized\"><img decoding=\"async\" loading=\"lazy\" src=\"https:\/\/cmzvps.com.hr\/wp-content\/uploads\/2022\/05\/savjetovaliste-logo-2022-3-987x1024.png\" alt=\"Ova slika ima prazan alt atribut ; naziv datoteke je savjetovaliste-logo-2022-3-987x1024.png\" width=\"352\" height=\"364\"\/><\/figure><\/div>\n\n\n\n<p>\u200b<\/p>\n\n\n\n<p>\u200b\u200b<\/p>\n\n\n\n<p>\u200b<\/p>\n\n\n\n<p>\u200b<\/p>\n\n\n\n<p>\u200b<\/p>\n\n\n\n<p>\u200b<\/p>","protected":false},"excerpt":{"rendered":"<p>Sudjelujemo u izvo\u0111enju seminara i te\u010dajeva, naj\u010de\u0161\u0107e u organizaciji Slu\u017ebe za stru\u010dno usavr\u0161avanje i specijalizaciju MUP-a. Provodimo edukaciju i u samostalnoj organizaciji te smo odr\u017eali 15 predavanja. Do sada smo s predavanjima\/radionicama\/vje\u017ebama sudjelovali na 17&nbsp;seminara\/te\u010dajeva: Stres i upravljanje stresom kod policijskih slu\u017ebenika za mlade\u017e. Seminar za stru\u010dno usavr\u0161avanje policijskih slu\u017ebenika za mlade\u017e, Slu\u017eba za stru\u010dno [&hellip;]<\/p>","protected":false},"author":1,"featured_media":0,"parent":0,"menu_order":0,"comment_status":"closed","ping_status":"closed","template":"","meta":[],"_links":{"self":[{"href":"https:\/\/cmzvps.com.hr\/en\/wp-json\/wp\/v2\/pages\/70"}],"collection":[{"href":"https:\/\/cmzvps.com.hr\/en\/wp-json\/wp\/v2\/pages"}],"about":[{"href":"https:\/\/cmzvps.com.hr\/en\/wp-json\/wp\/v2\/types\/page"}],"author":[{"embeddable":true,"href":"https:\/\/cmzvps.com.hr\/en\/wp-json\/wp\/v2\/users\/1"}],"replies":[{"embeddable":true,"href":"https:\/\/cmzvps.com.hr\/en\/wp-json\/wp\/v2\/comments?post=70"}],"version-history":[{"count":26,"href":"https:\/\/cmzvps.com.hr\/en\/wp-json\/wp\/v2\/pages\/70\/revisions"}],"predecessor-version":[{"id":1310,"href":"https:\/\/cmzvps.com.hr\/en\/wp-json\/wp\/v2\/pages\/70\/revisions\/1310"}],"wp:attachment":[{"href":"https:\/\/cmzvps.com.hr\/en\/wp-json\/wp\/v2\/media?parent=70"}],"curies":[{"name":"wp","href":"https:\/\/api.w.org\/{rel}","templated":true}]}}