{"id":74,"date":"2020-06-21T15:01:30","date_gmt":"2020-06-21T15:01:30","guid":{"rendered":"https:\/\/cmzvps.com.hr\/?page_id=74"},"modified":"2022-05-04T07:20:58","modified_gmt":"2022-05-04T07:20:58","slug":"projekti","status":"publish","type":"page","link":"https:\/\/cmzvps.com.hr\/en\/projekti\/","title":{"rendered":"Projects"},"content":{"rendered":"<div class=\"wp-block-image\"><figure class=\"aligncenter size-large is-resized\"><img decoding=\"async\" loading=\"lazy\" src=\"https:\/\/cmzvps.com.hr\/wp-content\/uploads\/2020\/06\/projekt-1024x683.png\" alt=\"Symbol, Shake, Handshake, Icon, Flat\" class=\"wp-image-255\" width=\"373\" height=\"248\" srcset=\"https:\/\/cmzvps.com.hr\/wp-content\/uploads\/2020\/06\/projekt-1024x683.png 1024w, https:\/\/cmzvps.com.hr\/wp-content\/uploads\/2020\/06\/projekt-300x200.png 300w, https:\/\/cmzvps.com.hr\/wp-content\/uploads\/2020\/06\/projekt-768x512.png 768w, https:\/\/cmzvps.com.hr\/wp-content\/uploads\/2020\/06\/projekt-1536x1024.png 1536w, https:\/\/cmzvps.com.hr\/wp-content\/uploads\/2020\/06\/projekt-1200x800.png 1200w, https:\/\/cmzvps.com.hr\/wp-content\/uploads\/2020\/06\/projekt.png 1920w\" sizes=\"(max-width: 373px) 100vw, 373px\" \/><\/figure><\/div>\n\n\n\n<p>Do sad su u Savjetovali\u0161tu provedena dva projekta, tre\u0107i je u postupku realizacije.<\/p>\n\n\n\n<p><strong><em>Mindfulness<\/em>&nbsp;in the police<\/strong><\/p>\n\n\n\n<p>The project was implemented in the period from January 2018 to November 2019 and consisted of 3 project levels. At Level 1, we experimentally investigated the effectiveness of a brief&nbsp;<em>mindfulness<\/em>&nbsp;intervention on anxiety, emotional arousal, cognitive abilities, and electrical brain activity of Police College students. At level 2, we conducted a correlational study examining the relationship between&nbsp;<em>mindfulness<\/em>&nbsp;traits and mental and physical health of police officers from several different police stations. At Level 3, we conducted and experimentally validated MBCT (<em>Mindfulness Based Cognitive Therapy<\/em>) training with police officers from VII. Police Station Zagreb, with the measurement of various  mental and physical health indicators before and after the training.<\/p>\n\n\n\n<p>The results of Level 2 research showed that there is a significant positive association between almost all measured aspects of mental and physical health and&nbsp;<em>mindfulness<\/em>&nbsp;trait. The results of the experimental validation of MBCT training at the 3rd level showed a statistically significant improvement in almost all measured determinants of mental and physical health of police officers after completing the training.&nbsp;<\/p>\n\n\n\n<p>The entire process of the Level 3 of the project was filmed for the purpose of making the documentary \"<em>Mindfulness<\/em>&nbsp;in the Croatian Police\".<\/p>\n\n\n\n<figure class=\"wp-block-embed is-type-video is-provider-youtube wp-block-embed-youtube wp-embed-aspect-16-9 wp-has-aspect-ratio\"><div class=\"wp-block-embed__wrapper\">\n<iframe loading=\"lazy\" title=\"MINDFULNESS U HRVATSKOJ POLICIJI   DOKUMENTARNI FILM\" width=\"580\" height=\"326\" src=\"https:\/\/www.youtube.com\/embed\/Xu5W7Fpjyro?feature=oembed\" frameborder=\"0\" allow=\"accelerometer; autoplay; clipboard-write; encrypted-media; gyroscope; picture-in-picture\" allowfullscreen><\/iframe>\n<\/div><\/figure>\n\n\n\n<p>Ova su istra\u017eivanja provedena po prvi put na policijskih slu\u017ebenicima u Hrvatskoj. Jedna su od rijetkih istra\u017eivanja tog tipa u svijetu \u0161to dodatno pove\u0107ava njihovu vrijednost. Najve\u0107i doprinos projekta je \u010dinjenica da je Savjetovali\u0161te njime doveo novi i proaktivni pristup mentalnom zdravlju hrvatskih policijskih slu\u017ebenika. Njime smo doveli jedan od najsuvremenijih znanstveno dokazano u\u010dinkovitih mentalnih treninga u na\u0161u policiju te jo\u0161 jednom potvrdili njegovu djelotvornost, ali na hrvatskim policajcima.<\/p>\n\n\n\n<p><strong>Various exercise programs and mental health of police officers<\/strong><\/p>\n\n\n\n<p>The project was implemented in the period from March to October 2019 and involved the validation of the created running program in which the emphasis was placed on those factors important for the police work performance, such as explosiveness while moving. The program was created by an experienced and award-winning ultramarathoner, head of a running school, police officer and a kinesiologist graduate. <\/p>\n\n\n\n<p>After the collection of voluntary participants, an initial testing was conducted, which included a battery of standardized psychological instruments and measures of physical health, various body parameters and physical fitness. In addition to classical instruments, certain data were collected with smart bracelets that each participant received for use. Participants were divided into experimental, active control and control group, and the program lasted 8 weeks, followed by final testing.<\/p>\n\n\n\n<p>The participation of various kinesiology experts and sports psychologists ensured a high-quality  approach in the creation and implementation of the examined program with the aim of promoting physical activity as a way of acting positively on the mental health of Croatian police officers.<\/p>\n\n\n\n<p>The results of the program validation showed that there are statistically significant improvements in various measures of mental and physical health - after 8 weeks of training.<\/p>\n\n\n\n<p>The project ended with <a href=\"https:\/\/mup.gov.hr\/vijesti\/utrka-gradjana-i-policije-trcanjem-do-boljeg-mentalnog-zdravlja\/285745\">organized race of citizens and police (\"Running for a better mental health\") on Jarun Lake on September 28, 2019. on the eve of Police Day 2019.<\/a>The project ended with the organization and holding of a race of citizens and police on Jarun on September 28, 2019. on the eve of Police Day 2019. Although the race has traditionally been held on the eve of Police Day for the last few years, for the first time it was dedicated to mental health - thanks to the results of our project. Also, for the first time, a race was also organized for children - preschool and school.<\/p>\n\n\n\n<figure class=\"wp-block-image\"><a href=\"https:\/\/mup.gov.hr\/vijesti\/utrka-gradjana-i-policije-trcanjem-do-boljeg-mentalnog-zdravlja\/285745\"><img decoding=\"async\" src=\"https:\/\/mup.gov.hr\/userdocsimages\/\/topvijesti\/2019\/Rujan\/Dan_Policije_najave\/trcanjem_do_boljeg_mentalnog_traka.jpg?width=750&amp;height=500&amp;mode=crop\" alt=\"Slika \/topvijesti\/2019\/Rujan\/Dan_Policije_najave\/trcanjem_do_boljeg_mentalnog_traka.jpg\"\/><\/a><\/figure>\n\n\n\n<p>\u200b<\/p>\n\n\n\n<p><strong>PROTECT<\/strong><\/p>\n\n\n\n<p>U sije\u010dnju 2022. zapo\u010deo je Erasmus projekt (KA2)&nbsp;<em>PROTECT Reducing Psychological Risks in Law Enforcement: Training as a means to Wellbeing<\/em>, na kojem je Centar partnerska organizacija Cilj projekta je smanjivanje psihosocijalnih rizika u policiji kroz 4 modula: 1.<em>Emergency Stress Reduction<\/em>; 2.<em>Strategies for Normative Mourning<\/em>; 3.&nbsp;<em>Healthy Phasing-Out<\/em>&nbsp;i 4.&nbsp;<em>Work-Life Balance<\/em>. Nositelji projekta su Policijska slu\u017eba javne sigurnosti u Portugalu (The Pol\u00edcia de Seguran\u00e7a P\u00fablica, Portugal) i Centar za biomedicinsko pravo u Portugalu&nbsp;&nbsp;(Centro de Direito Biom\u00e9dico, Portugal). Ostali partneri su: Ministarstvo unutarnje uprave&nbsp;&nbsp;u Portugalu (Ministerio da administracao interna, Portugal), dr\u017eavna policija Ministarstva unutarnjih poslova Latvije (Iekslietu Ministrijas valsts policija state police of the Ministry of interior, Latvia) i berlinska policija (Polizei Berlin, Germany).<\/p>\n\n\n\n<p>\u200b<\/p>\n\n\n\n<div class=\"wp-block-image\"><figure class=\"aligncenter is-resized\"><img decoding=\"async\" loading=\"lazy\" src=\"https:\/\/cmzvps.com.hr\/wp-content\/uploads\/2022\/05\/savjetovaliste-logo-2022-3-987x1024.png\" alt=\"Ova slika ima prazan alt atribut ; naziv datoteke je savjetovaliste-logo-2022-3-987x1024.png\" width=\"358\" height=\"371\"\/><\/figure><\/div>","protected":false},"excerpt":{"rendered":"<p>Do sad su u Savjetovali\u0161tu provedena dva projekta, tre\u0107i je u postupku realizacije. Mindfulness&nbsp;u policiji Projekt je proveden u razdoblju od sije\u010dnja 2018. do studenog 2019. godine. Projekt se odvijao se na 3 razine. Na 1. razini eksperimentalno smo istra\u017eili djelotvornost kratke&nbsp;mindfulness&nbsp;intervencije na anksioznost, emocionalnu pobu\u0111enost, kognitivne sposobnosti&nbsp; i elektri\u010dnu mo\u017edanu aktivnost studenata Visoke policijske [&hellip;]<\/p>","protected":false},"author":1,"featured_media":0,"parent":0,"menu_order":0,"comment_status":"closed","ping_status":"closed","template":"","meta":[],"_links":{"self":[{"href":"https:\/\/cmzvps.com.hr\/en\/wp-json\/wp\/v2\/pages\/74"}],"collection":[{"href":"https:\/\/cmzvps.com.hr\/en\/wp-json\/wp\/v2\/pages"}],"about":[{"href":"https:\/\/cmzvps.com.hr\/en\/wp-json\/wp\/v2\/types\/page"}],"author":[{"embeddable":true,"href":"https:\/\/cmzvps.com.hr\/en\/wp-json\/wp\/v2\/users\/1"}],"replies":[{"embeddable":true,"href":"https:\/\/cmzvps.com.hr\/en\/wp-json\/wp\/v2\/comments?post=74"}],"version-history":[{"count":16,"href":"https:\/\/cmzvps.com.hr\/en\/wp-json\/wp\/v2\/pages\/74\/revisions"}],"predecessor-version":[{"id":1300,"href":"https:\/\/cmzvps.com.hr\/en\/wp-json\/wp\/v2\/pages\/74\/revisions\/1300"}],"wp:attachment":[{"href":"https:\/\/cmzvps.com.hr\/en\/wp-json\/wp\/v2\/media?parent=74"}],"curies":[{"name":"wp","href":"https:\/\/api.w.org\/{rel}","templated":true}]}}