{"id":75,"date":"2020-06-21T15:01:30","date_gmt":"2020-06-21T15:01:30","guid":{"rendered":"https:\/\/cmzvps.com.hr\/?page_id=75"},"modified":"2022-05-04T07:23:14","modified_gmt":"2022-05-04T07:23:14","slug":"suradnja","status":"publish","type":"page","link":"https:\/\/cmzvps.com.hr\/en\/suradnja\/","title":{"rendered":"Cooperation"},"content":{"rendered":"<div class=\"wp-block-image\"><figure class=\"aligncenter size-large is-resized\"><img decoding=\"async\" loading=\"lazy\" src=\"https:\/\/cmzvps.com.hr\/wp-content\/uploads\/2020\/06\/rukovanje2-1024x776.png\" alt=\"\" class=\"wp-image-296\" width=\"214\" height=\"161\" srcset=\"https:\/\/cmzvps.com.hr\/wp-content\/uploads\/2020\/06\/rukovanje2-1024x776.png 1024w, https:\/\/cmzvps.com.hr\/wp-content\/uploads\/2020\/06\/rukovanje2-300x227.png 300w, https:\/\/cmzvps.com.hr\/wp-content\/uploads\/2020\/06\/rukovanje2-768x582.png 768w, https:\/\/cmzvps.com.hr\/wp-content\/uploads\/2020\/06\/rukovanje2-1200x909.png 1200w, https:\/\/cmzvps.com.hr\/wp-content\/uploads\/2020\/06\/rukovanje2.png 1280w\" sizes=\"(max-width: 214px) 100vw, 214px\" \/><\/figure><\/div>\n\n\n\n<p><strong>Hrvatsko udru\u017eenje za bihevioralno \u2013 kognitivne terapije<\/strong><\/p>\n\n\n\n<p>Od samog osnutka Savjetovali\u0161te sura\u0111uje&nbsp;s jednim od najistaknutijih terapijskih udru\u017eenja u RH &#8211; Hrvatskim udru\u017eenjem za bihevioralno \u2013 kognitivne terapije (HUBIKOT). HUBIKOT je ravnopravni i aktivni \u010dlan&nbsp;European Association for Behavioral and Cognitive Therapies (EABCT). Cilj Udru\u017eenja je okupljanje i edukacija&nbsp; psihologa i lije\u010dnika zainteresiranih za bihevioralno \u2013 kognitivnu terapiju.<\/p>\n\n\n\n<p><strong>Ministarstvo pravosu\u0111a Republike Hrvatske<\/strong><\/p>\n\n\n\n<p>Suradnja s Ministarstvom pravosu\u0111a omogu\u0107ila je djelatnicima i suradnicima Savjetovali\u0161ta te nekoliko policajaca VII PP Zagreb sudjelovanje u edukaciji koja se provodi u sklopu projekta Ministarstva pravosu\u0111a pod nazivom \u201eEdukacija slu\u017ebenika zatvorskog sustava za provo\u0111enje mindfulness programa\u201c. Navedenom suradnjom djelatnici na\u0161eg Ministarstva bit \u0107e osposobljeni za provo\u0111enje MBCT treninga.<\/p>\n\n\n\n<p><strong>Sveu\u010dili\u0161ni savjetovali\u0161ni centar<\/strong><\/p>\n\n\n\n<p>Sveu\u010dili\u0161ni savjetovali\u0161ni centar (SSC)&nbsp;jedan je od najistaknutijih studentskih savjetovali\u0161nih centara u RH. SSC je sastavnica Sveu\u010dili\u0161ta u Rijeci koja je osnovana s ciljem pru\u017eanja razli\u010ditih oblika podr\u0161ke i pomo\u0107i studentima i djelatnicima rije\u010dkog Sveu\u010dili\u0161ta. U okviru SSC-a djeluju Psiholo\u0161ko savjetovali\u0161te, Ured za studente s invaliditetom i Ured za karijere.<\/p>\n\n\n\n<p><strong>\u200b<\/strong><\/p>\n\n\n\n<div class=\"wp-block-image\"><figure class=\"aligncenter is-resized\"><img decoding=\"async\" loading=\"lazy\" src=\"https:\/\/cmzvps.com.hr\/wp-content\/uploads\/2022\/05\/savjetovaliste-logo-2022-3-987x1024.png\" alt=\"Ova slika ima prazan alt atribut ; naziv datoteke je savjetovaliste-logo-2022-3-987x1024.png\" width=\"354\" height=\"366\"\/><\/figure><\/div>","protected":false},"excerpt":{"rendered":"<p>Hrvatsko udru\u017eenje za bihevioralno \u2013 kognitivne terapije Od samog osnutka Savjetovali\u0161te sura\u0111uje&nbsp;s jednim od najistaknutijih terapijskih udru\u017eenja u RH &#8211; Hrvatskim udru\u017eenjem za bihevioralno \u2013 kognitivne terapije (HUBIKOT). HUBIKOT je ravnopravni i aktivni \u010dlan&nbsp;European Association for Behavioral and Cognitive Therapies (EABCT). Cilj Udru\u017eenja je okupljanje i edukacija&nbsp; psihologa i lije\u010dnika zainteresiranih za bihevioralno \u2013 kognitivnu [&hellip;]<\/p>","protected":false},"author":1,"featured_media":0,"parent":0,"menu_order":0,"comment_status":"closed","ping_status":"closed","template":"","meta":[],"_links":{"self":[{"href":"https:\/\/cmzvps.com.hr\/en\/wp-json\/wp\/v2\/pages\/75"}],"collection":[{"href":"https:\/\/cmzvps.com.hr\/en\/wp-json\/wp\/v2\/pages"}],"about":[{"href":"https:\/\/cmzvps.com.hr\/en\/wp-json\/wp\/v2\/types\/page"}],"author":[{"embeddable":true,"href":"https:\/\/cmzvps.com.hr\/en\/wp-json\/wp\/v2\/users\/1"}],"replies":[{"embeddable":true,"href":"https:\/\/cmzvps.com.hr\/en\/wp-json\/wp\/v2\/comments?post=75"}],"version-history":[{"count":14,"href":"https:\/\/cmzvps.com.hr\/en\/wp-json\/wp\/v2\/pages\/75\/revisions"}],"predecessor-version":[{"id":1304,"href":"https:\/\/cmzvps.com.hr\/en\/wp-json\/wp\/v2\/pages\/75\/revisions\/1304"}],"wp:attachment":[{"href":"https:\/\/cmzvps.com.hr\/en\/wp-json\/wp\/v2\/media?parent=75"}],"curies":[{"name":"wp","href":"https:\/\/api.w.org\/{rel}","templated":true}]}}