{"id":77,"date":"2020-06-21T15:01:30","date_gmt":"2020-06-21T15:01:30","guid":{"rendered":"https:\/\/cmzvps.com.hr\/?page_id=77"},"modified":"2022-05-04T08:02:38","modified_gmt":"2022-05-04T08:02:38","slug":"mediji","status":"publish","type":"page","link":"https:\/\/cmzvps.com.hr\/en\/mediji\/","title":{"rendered":"Media"},"content":{"rendered":"<div class=\"wp-block-image\"><figure class=\"aligncenter is-resized\"><img decoding=\"async\" loading=\"lazy\" src=\"https:\/\/static.wixstatic.com\/media\/e6b879_018f6476f78747e5b3ffb01eeae93f5d~mv2.png\/v1\/fill\/w_131,h_131,al_c,q_85,usm_0.66_1.00_0.01\/browser-773215_1920.webp\" alt=\"browser-773215_1920.png\" width=\"165\" height=\"165\"\/><\/figure><\/div>\n\n\n\n<p><strong>TV REPORTA\u017dE I PRILOZI:<\/strong><\/p>\n\n\n\n<p><strong>\u200b<a href=\"https:\/\/dnevnik.hr\/vijesti\/hrvatska\/davor-bozinovic-policajci-imaju-logisticki-suport---540361.html\">https:\/\/dnevnik.hr\/vijesti\/hrvatska\/davor-bozinovic-policajci-imaju-logisticki-suport&#8212;540361.html<\/a><\/strong><\/p>\n\n\n\n<p><strong>\u200b<a href=\"https:\/\/vijesti.hrt.hr\/475215\/strucnjaci-raspravljaju-o-novom-psiholoskom-pristupu-u-policiji\">https:\/\/vijesti.hrt.hr\/475215\/strucnjaci-raspravljaju-o-novom-psiholoskom-pristupu-u-policiji<\/a><\/strong><\/p>\n\n\n\n<p><a rel=\"noreferrer noopener\" href=\"https:\/\/www.youtube.com\/watch?v=-43QQUIX7m0\" target=\"_blank\"><strong>https:\/\/www.youtube.com\/watch?v=-43QQUIX7m0<\/strong><\/a><\/p>\n\n\n\n<p><strong>HRT1<\/strong>&nbsp;emisija \u201ePrometej\u201c (za pristup se besplatno registrirajte na web stranici HRT-a, potom na izborniku&nbsp;odaberite \u2013&nbsp;videoteka,&nbsp;potom u rubrici \u201eznanost\u201c odaberite emisiju \u201ePrometej\u201c). 2 emitiranja: 17.1.2019. \u2013 \u201eIdeja je vje\u010dna\u201c &#8211; prilog o radu Savjetovali\u0161ta i provedbi MBCT treninga i 31.1.2019. \u2013\u201eZnanost s potpisom\u201c \u2013 intervju s voditeljicom Savjetovali\u0161ta<\/p>\n\n\n\n<p><strong>HRT4 <\/strong>emisija &#8220;Studio 4&#8221;, 15.7.2020. &#8211; intervju s voditeljicom Savjetovali\u0161ta na temu provedenog istra\u017eivanja o policijskoj percepciji utjecaja COVID-19 na policijski sustav i policajce:<\/p>\n\n\n\n<p><a href=\"https:\/\/vijesti.hrt.hr\/634652\/kako-je-koronakriza-utjecala-na-policajce\"><strong>https:\/\/vijesti.hrt.hr\/634652\/kako-je-koronakriza-utjecala-na-policajce<\/strong><\/a><\/p>\n\n\n\n<p><strong>NOVA TV<\/strong> emisija &#8220;Dnevnik Nove TV&#8221;, 18.7.2020. &#8211; intervju s prodekanicom Visoke policijske \u0161kole i koautoricom provedenog istra\u017eivanja o policijskoj percepciji utjecaja COVID-19 na policijski sustav i policajce:<\/p>\n\n\n\n<p><a href=\"https:\/\/www.presscut.hr\/videoclip\/MP4\/2020\/2020-07\/2020-07-18\/VideoClip_1F0D1DF5-ACF0-4334-BC39-200FD73780DF_4050609.mp4\"><strong>https:\/\/www.presscut.hr\/videoclip\/MP4\/2020\/2020-07\/2020-07-18\/VideoClip_1F0D1DF5-ACF0-4334-BC39-200FD73780DF_4050609.mp4<\/strong><\/a><\/p>\n\n\n\n<p>\u200b<\/p>\n\n\n\n<p><strong>INTERNETSKI&nbsp;PORTALI:<\/strong><\/p>\n\n\n\n<p><a rel=\"noreferrer noopener\" href=\"https:\/\/vijesti.rtl.hr\/novosti\/hrvatska\/3293781\/mentalni-trening-za-policajce-uce-kako-ojacati-koncentraciju-i-reducirati-nakupljeni-stres\/\" target=\"_blank\"><strong>https:\/\/vijesti.rtl.hr\/novosti\/hrvatska\/3293781\/mentalni-trening-za-policajce-uce-kako-ojacati-koncentraciju-i-reducirati-nakupljeni-stres\/<\/strong><\/a><\/p>\n\n\n\n<p><a rel=\"noreferrer noopener\" href=\"https:\/\/www.jutarnji.hr\/vijesti\/hrvatska\/novi-psiholoski-pristup-hrvatske-policije-osnovano-psiholosko-savjetovaliste-i-mentalni-trening-za-pomoc-u-teskim-situacijama\/8094182\/\" target=\"_blank\"><strong>https:\/\/www.jutarnji.hr\/vijesti\/hrvatska\/novi-psiholoski-pristup-hrvatske-policije-osnovano-psiholosko-savjetovaliste-i-mentalni-trening-za-pomoc-u-teskim-situacijama\/8094182\/<\/strong><\/a><\/p>\n\n\n\n<p><a rel=\"noreferrer noopener\" href=\"https:\/\/vijesti.hrt.hr\/474236\/novi-psiholoski-pristup-hrvatske-policije-mentalni-trening\" target=\"_blank\"><strong>https:\/\/vijesti.hrt.hr\/474236\/novi-psiholoski-pristup-hrvatske-policije-mentalni-trening<\/strong><\/a><\/p>\n\n\n\n<p><a rel=\"noreferrer noopener\" href=\"https:\/\/www.index.hr\/vijesti\/clanak\/otvoreno-savjetovaliste-za-policajce-prvi-put-se-uvodi-poseban-mentalni-trening\/2045082.aspx\" target=\"_blank\"><strong>https:\/\/www.index.hr\/vijesti\/clanak\/otvoreno-savjetovaliste-za-policajce-prvi-put-se-uvodi-poseban-mentalni-trening\/2045082.aspx<\/strong><\/a><\/p>\n\n\n\n<p><a href=\"https:\/\/dnevnik.hr\/vijesti\/koronavirus\/kako-je-epidemija-utjecala-na-rad-policajaca-gradjani-bili-napeti-i-preplaseni-nekih-zlocina-bilo-je-manje---612988.html\"><strong>https:\/\/dnevnik.hr\/vijesti\/koronavirus\/kako-je-epidemija-utjecala-na-rad-policajaca-gradjani-bili-napeti-i-preplaseni-nekih-zlocina-bilo-je-manje&#8212;612988.html<\/strong><\/a><\/p>\n\n\n\n<p><a rel=\"noreferrer noopener\" href=\"https:\/\/www.tportal.hr\/vijesti\/clanak\/hrvatski-policajci-dobili-psiholosku-pomoc-za-stresne-situcaije-foto-20181124\" target=\"_blank\"><strong>https:\/\/www.tportal.hr\/vijesti\/clanak\/hrvatski-policajci-dobili-psiholosku-pomoc-za-stresne-situcaije-foto-20181124<\/strong><\/a><\/p>\n\n\n\n<p><a href=\"https:\/\/www.index.hr\/vijesti\/clanak\/provedeno-istrazivanje-o-utjecaju-koronavirusa-na-hrvatske-policajce\/2198007.aspx\"><strong>https:\/\/www.index.hr\/vijesti\/clanak\/provedeno-istrazivanje-o-utjecaju-koronavirusa-na-hrvatske-policajce\/2198007.aspx<\/strong><\/a><\/p>\n\n\n\n<p><a href=\"https:\/\/www.tportal.hr\/vijesti\/clanak\/hrvatski-policajci-otkrili-je-li-im-pandemija-otezala-posao-i-sto-im-je-najteze-palo-20200714\"><strong>https:\/\/www.tportal.hr\/vijesti\/clanak\/hrvatski-policajci-otkrili-je-li-im-pandemija-otezala-posao-i-sto-im-je-najteze-palo-20200714<\/strong><\/a><\/p>\n\n\n\n<p><a href=\"https:\/\/dnevnik.hr\/vijesti\/hrvatska\/centar-za-mentalno-zdravlje-mup-a-proveo-veliko-istrazivanje-o-utjecaju-epidemije-na-policijske-sluzbenike---613626.html\"><strong>https:\/\/dnevnik.hr\/vijesti\/hrvatska\/centar-za-mentalno-zdravlje-mup-a-proveo-veliko-istrazivanje-o-utjecaju-epidemije-na-policijske-sluzbenike&#8212;613626.html<\/strong><\/a><\/p>\n\n\n\n<p><a rel=\"noreferrer noopener\" href=\"https:\/\/mup.gov.hr\/vijesti\/utrka-gradjana-i-policije-trcanjem-do-boljeg-mentalnog-zdravlja\/285745\" target=\"_blank\"><strong>https:\/\/mup.gov.hr\/vijesti\/utrka-gradjana-i-policije-trcanjem-do-boljeg-mentalnog-zdravlja\/285745<\/strong><\/a><\/p>\n\n\n\n<p><a href=\"https:\/\/mup.gov.hr\/rezultati-prvog-ispitivanja-percepcije-utjecaja-epidemije-covid-19-na-policijske-sluzbenike-i-policijski-posao\/286435\"><strong>https:\/\/mup.gov.hr\/rezultati-prvog-ispitivanja-percepcije-utjecaja-epidemije-covid-19-na-policijske-sluzbenike-i-policijski-posao\/286435<\/strong><\/a><\/p>\n\n\n\n<p><a href=\"https:\/\/slobodnadalmacija.hr\/vijesti\/hrvatska\/metode-istrazivanja-o-utjecaju-covid-a-na-rad-hrvatske-policije-preuzet-ce-i-nijemci-opseg-posla-se-osjetno-povecao-ali-policajci-su-se-dobro-snasli-1032315\"><strong>https:\/\/slobodnadalmacija.hr\/vijesti\/hrvatska\/metode-istrazivanja-o-utjecaju-covid-a-na-rad-hrvatske-policije-preuzet-ce-i-nijemci-opseg-posla-se-osjetno-povecao-ali-policajci-su-se-dobro-snasli-1032315<\/strong><\/a><\/p>\n\n\n\n<p><a rel=\"noreferrer noopener\" href=\"http:\/\/hr.n1info.com\/Vijesti\/a351711\/Strucnjaci-raspravljaju-o-novom-psiholoskom-pristupu-u-hrvatskoj-policiji.html\" target=\"_blank\"><strong>http:\/\/hr.n1info.com\/Vijesti\/a351711\/Strucnjaci-raspravljaju-o-novom-psiholoskom-pristupu-u-hrvatskoj-policiji.html<\/strong><\/a><\/p>\n\n\n\n<p><a rel=\"noreferrer noopener\" href=\"https:\/\/splitskidnevnik.rtl.hr\/vijesti\/hrvatska\/mentalni-trening-za-policajce-kao-novi-psiholoski-pristup-hrvatske-policije\/\" target=\"_blank\"><strong>https:\/\/splitskidnevnik.rtl.hr\/vijesti\/hrvatska\/mentalni-trening-za-policajce-kao-novi-psiholoski-pristup-hrvatske-policije\/<\/strong><\/a><\/p>\n\n\n\n<p><a rel=\"noreferrer noopener\" href=\"https:\/\/ezadar.rtl.hr\/dogadaji\/3293787\/novi-psiholoski-pristup-policije-mentalni-trening-za-pomoc-u-teskim-situacijama\/\" target=\"_blank\"><strong>https:\/\/ezadar.rtl.hr\/dogadaji\/3293787\/novi-psiholoski-pristup-policije-mentalni-trening-za-pomoc-u-teskim-situacijama\/<\/strong><\/a><\/p>\n\n\n\n<p><a href=\"https:\/\/www.svijetsigurnosti.com\/rezultati-prvog-ispitivanja-percepcije-utjecaja-epidemije-covid-19-na-policijske-sluzbenike-i-policijski-posao\/\"><strong>https:\/\/www.svijetsigurnosti.com\/rezultati-prvog-ispitivanja-percepcije-utjecaja-epidemije-covid-19-na-policijske-sluzbenike-i-policijski-posao\/<\/strong><\/a><\/p>\n\n\n\n<p><a rel=\"noreferrer noopener\" href=\"https:\/\/www.obavjestajac.hr\/1568945\/novi-psiholoski-pristup-hrvatske-policije-mentalni-trening\" target=\"_blank\"><strong>https:\/\/www.obavjestajac.hr\/1568945\/novi-psiholoski-pristup-hrvatske-policije-mentalni-trening<\/strong><\/a><\/p>\n\n\n\n<p><a rel=\"noreferrer noopener\" href=\"https:\/\/twitter.com\/DavorBozinovic\/status\/1068085673029234689\" target=\"_blank\"><strong>https:\/\/twitter.com\/DavorBozinovic\/status\/1068085673029234689<\/strong><\/a><a rel=\"noreferrer noopener\" href=\"http:\/\/www.totalno.hr\/tag\/novi-psiholoski-pristup-u-hrvatskoj-policiji\/\" target=\"_blank\"><strong>http:\/\/www.totalno.hr\/tag\/novi-psiholoski-pristup-u-hrvatskoj-policiji\/<\/strong><\/a><\/p>\n\n\n\n<p><a href=\"https:\/\/www.glasistre.hr\/kronika\/istrazivanje-koronavirus-otezao-policijski-posao-ali-su-se-dobro-nosili-s-izazovima-654783\"><strong>https:\/\/www.glasistre.hr\/kronika\/istrazivanje-koronavirus-otezao-policijski-posao-ali-su-se-dobro-nosili-s-izazovima-654783<\/strong><\/a><\/p>\n\n\n\n<p><a rel=\"noreferrer noopener\" href=\"https:\/\/www.mup.hr\/novosti\/6342\/mindfulness-trening-predstavljen-na-simpoziju-na-policijskoj-akademiji\" target=\"_blank\"><strong>https:\/\/www.mup.hr\/novosti\/6342\/mindfulness-trening-predstavljen-na-simpoziju-na-policijskoj-akademiji<\/strong><\/a><\/p>\n\n\n\n<p><a rel=\"noreferrer noopener\" href=\"https:\/\/www.facebook.com\/Policijska.akademija.MUP.RH\/posts\/mindfulness-trening-predstavljen-na-simpoziju-na-policijskoj-akademiji-mentalno-\/2326646180698882\/\" target=\"_blank\"><strong>https:\/\/www.facebook.com\/Policijska.akademija.MUP.RH\/posts\/mindfulness-trening-predstavljen-na-simpoziju-na-policijskoj-akademiji-mentalno-\/2326646180698882\/<\/strong><\/a><\/p>\n\n\n\n<p><a rel=\"noreferrer noopener\" href=\"http:\/\/zastita.info\/hr\/novosti\/simpozij-novi-psiholoski-pristup-u-hrvatskoj-policiji,25456.html\" target=\"_blank\"><strong>http:\/\/zastita.info\/hr\/novosti\/simpozij-novi-psiholoski-pristup-u-hrvatskoj-policiji,25456.html<\/strong><\/a><\/p>\n\n\n\n<p><a rel=\"noreferrer noopener\" href=\"http:\/\/www.trcanje.hr\/trcanjem-do-boljeg-mentalnog-zdravlja\/12677\/\" target=\"_blank\"><strong>http:\/\/www.trcanje.hr\/trcanjem-do-boljeg-mentalnog-zdravlja\/12677\/<\/strong><\/a><\/p>\n\n\n\n<p><a rel=\"noreferrer noopener\" href=\"https:\/\/www.mnovine.hr\/medimurje\/drustvo\/trcanjem-do-boljeg-mentalnog-zdravlja-prvo-mjesto-osvojila-policajka-jelena-taradi-mihalovic\/\" target=\"_blank\"><strong>https:\/\/www.mnovine.hr\/medimurje\/drustvo\/trcanjem-do-boljeg-mentalnog-zdravlja-prvo-mjesto-osvojila-policajka-jelena-taradi-mihalovic\/<\/strong><\/a><\/p>\n\n\n\n<p><a rel=\"noreferrer noopener\" href=\"https:\/\/www.gacka053.com\/dogadanja\/utrka-gradana-i-policije-trcanjem-do-boljeg-mentalnog-zdravlja\/\" target=\"_blank\"><strong>https:\/\/www.gacka053.com\/dogadanja\/utrka-gradana-i-policije-trcanjem-do-boljeg-mentalnog-zdravlja\/<\/strong><\/a><\/p>\n\n\n\n<p><a rel=\"noreferrer noopener\" href=\"https:\/\/radio.hrt.hr\/radio-sljeme\/clanak\/policija-i-graani-zajedno-jarunu-trcanjem-do-boljeg-mentalnog-zdravlja\/209516\/\" target=\"_blank\"><strong>https:\/\/radio.hrt.hr\/radio-sljeme\/clanak\/policija-i-graani-zajedno-jarunu-trcanjem-do-boljeg-mentalnog-zdravlja\/209516\/<\/strong><\/a><\/p>\n\n\n\n<p><a rel=\"noreferrer noopener\" href=\"https:\/\/www.zagorje.com\/clanak\/vijesti\/povodom-dana-policije-utrka-gradana-i-policajaca\" target=\"_blank\"><strong>https:\/\/www.zagorje.com\/clanak\/vijesti\/povodom-dana-policije-utrka-gradana-i-policajaca<\/strong><\/a><\/p>\n\n\n\n<p><a rel=\"noreferrer noopener\" href=\"https:\/\/zg-magazin.com.hr\/utrka-gradana-i-policije-na-jarunu\/\" target=\"_blank\"><strong>https:\/\/zg-magazin.com.hr\/utrka-gradana-i-policije-na-jarunu\/<\/strong><\/a><\/p>\n\n\n\n<p><a rel=\"noreferrer noopener\" href=\"https:\/\/www.zagorje-international.hr\/index.php\/2019\/09\/21\/druzite-se-s-nama-i-uvjerite-se-da-plavo-za-nas-nije-boja-nego-nacin-zivota\/\" target=\"_blank\"><strong>https:\/\/www.zagorje-international.hr\/index.php\/2019\/09\/21\/druzite-se-s-nama-i-uvjerite-se-da-plavo-za-nas-nije-boja-nego-nacin-zivota\/<\/strong><\/a><\/p>\n\n\n\n<p><strong><a href=\"https:\/\/zastita.info\/hr\/novosti\/rezultati-prvog-ispitivanja-percepcije-utjecaja-epidemije-covid-19-na-policijske,30883.html\">https:\/\/zastita.info\/hr\/novosti\/rezultati-prvog-ispitivanja-percepcije-utjecaja-epidemije-covid-19-na-policijske,30883.html.info\/<\/a><\/strong><\/p>\n\n\n\n<p><a href=\"http:\/\/glas-slavonije.hr\/437541\/1\/Kako-su-se-policajci-nosili-s-krizom\"><strong>http:\/\/glas-slavonije.hr\/437541\/1\/Kako-su-se-policajci-nosili-s-krizom<\/strong><\/a><\/p>\n\n\n\n<p>&nbsp; <\/p>\n\n\n\n<p><strong>YOUTUBE KANAL<\/strong><\/p>\n\n\n\n<p>Dokumentarni film \u201e<em>Mindfulness<\/em>&nbsp;u hrvatskoj policiji\u201c:<\/p>\n\n\n\n<figure class=\"wp-block-embed is-type-video is-provider-youtube wp-block-embed-youtube wp-embed-aspect-16-9 wp-has-aspect-ratio\"><div class=\"wp-block-embed__wrapper\">\n<iframe loading=\"lazy\" title=\"MINDFULNESS U HRVATSKOJ POLICIJI   DOKUMENTARNI FILM\" width=\"580\" height=\"326\" src=\"https:\/\/www.youtube.com\/embed\/Xu5W7Fpjyro?feature=oembed\" frameborder=\"0\" allow=\"accelerometer; autoplay; clipboard-write; encrypted-media; gyroscope; picture-in-picture\" allowfullscreen><\/iframe>\n<\/div><\/figure>\n\n\n\n<p><strong>\u200b<a href=\"https:\/\/www.youtube.com\/watch?v=zf4QbEyiCRA\">https:\/\/www.youtube.com\/watch?v=zf4QbEyiCRA<\/a><\/strong><\/p>\n\n\n\n<p>Mo\u017eete pogledati i izlaganje (s na\u0161eg simpoziju) Richarda Goerlinga, ameri\u010dkog policajca i stru\u010dnjaka za <em>mindfulness<\/em> u policiji:<\/p>\n\n\n\n<figure class=\"wp-block-embed is-type-video is-provider-youtube wp-block-embed-youtube wp-embed-aspect-16-9 wp-has-aspect-ratio\"><div class=\"wp-block-embed__wrapper\">\n<iframe loading=\"lazy\" title=\"Richard Goerling - uloga minfulness treninga u policiji - novi psiholo\u0161ki pristup\" width=\"580\" height=\"326\" src=\"https:\/\/www.youtube.com\/embed\/1KxdGEIdp9o?feature=oembed\" frameborder=\"0\" allow=\"accelerometer; autoplay; clipboard-write; encrypted-media; gyroscope; picture-in-picture\" allowfullscreen><\/iframe>\n<\/div><\/figure>\n\n\n\n<p>\u200bNBC reporta\u017ea o Richardu Goerlingu i <em>mindfulnessu<\/em> u ameri\u010dkoj policiji (prezentirana na simpoziju):<\/p>\n\n\n\n<p><strong>\u200b<a href=\"https:\/\/www.youtube.com\/watch?v=-5RURlpyVvQ\">https:\/\/www.youtube.com\/watch?v=-5RURlpyVvQ<\/a><\/strong><\/p>\n\n\n\n<p><\/p>\n\n\n\n<p><strong>RADIO:<\/strong><\/p>\n\n\n\n<p>Radio Sljeme: prilog&nbsp;o utrci gra\u0111ana i policije pod nazivom &#8220;Tr\u010danjem&nbsp;&nbsp;do boljeg mentalnog zdravlja&#8221; odr\u017eanoj uo\u010di Dana policije 2019. u organizaciji Savjetovali\u0161ta.<\/p>\n\n\n\n<p>\u200b<\/p>\n\n\n\n<div class=\"wp-block-image\"><figure class=\"aligncenter is-resized\"><img decoding=\"async\" loading=\"lazy\" src=\"https:\/\/cmzvps.com.hr\/wp-content\/uploads\/2022\/05\/savjetovaliste-logo-2022-3-987x1024.png\" alt=\"Ova slika ima prazan alt atribut ; naziv datoteke je savjetovaliste-logo-2022-3-987x1024.png\" width=\"355\" height=\"367\"\/><\/figure><\/div>\n\n\n\n<p>\u200b<\/p>\n\n\n\n<p><strong>\u200b<\/strong><\/p>\n\n\n\n<p><strong>\u200b<\/strong><\/p>\n\n\n\n<p><strong>\u200b<\/strong><\/p>\n\n\n\n<p><strong>\u200b<\/strong><\/p>\n\n\n\n<p><strong>\u200b<\/strong><\/p>\n\n\n\n<p><strong>\u200b<\/strong><\/p>\n\n\n\n<p><strong>\u200b<\/strong><\/p>\n\n\n\n<p><strong>\u200b<\/strong><\/p>\n\n\n\n<p><strong>\u200b<\/strong><\/p>\n\n\n\n<p><strong>\u200b<\/strong><\/p>\n\n\n\n<p><strong>\u200b<\/strong><\/p>\n\n\n\n<p><strong>\u200b<\/strong><\/p>\n\n\n\n<p><strong>\u200b<\/strong><\/p>\n\n\n\n<p><strong>\u200b<\/strong><\/p>\n\n\n\n<p><strong>\u200b<\/strong><\/p>\n\n\n\n<p><strong>\u200b<\/strong><\/p>\n\n\n\n<p><strong>\u200b<\/strong><\/p>\n\n\n\n<p><strong>\u200b<\/strong><\/p>\n\n\n\n<p><strong>\u200b<\/strong><\/p>\n\n\n\n<p><strong>\u200b<\/strong><\/p>\n\n\n\n<p><strong>\u200b<\/strong><\/p>\n\n\n\n<p><strong>\u200b<\/strong><\/p>\n\n\n\n<p><strong>\u200b<\/strong><\/p>\n\n\n\n<p><strong>\u200b<\/strong><\/p>\n\n\n\n<p><strong>\u200b<\/strong><\/p>\n\n\n\n<p><strong>\u200b<\/strong><\/p>\n\n\n\n<p><strong>\u200b<\/strong><\/p>\n\n\n\n<p><strong>\u200b<\/strong><\/p>\n\n\n\n<p><strong>\u200b<\/strong><\/p>\n\n\n\n<p><strong>\u200b<\/strong><\/p>\n\n\n\n<p><strong>\u200b<\/strong><\/p>\n\n\n\n<p><strong>\u200b<\/strong><\/p>\n\n\n\n<p><strong>\u200b<\/strong><\/p>\n\n\n\n<p><strong>\u200b<\/strong><\/p>\n\n\n\n<p><strong>\u200b<\/strong><\/p>\n\n\n\n<p><strong>\u200b<\/strong><\/p>\n\n\n\n<p><strong>\u200b<\/strong><\/p>\n\n\n\n<p>\u200b<\/p>\n\n\n\n<p>\u200b<\/p>\n\n\n\n<p>\u200b<\/p>\n\n\n\n<p>\u200b<\/p>\n\n\n\n<p>\u200b<\/p>\n\n\n\n<p>\u200b<\/p>\n\n\n\n<p>\u200b<\/p>\n\n\n\n<p>\u200b<\/p>\n\n\n\n<p>\u200b<\/p>\n\n\n\n<p>\u200b<\/p>\n\n\n\n<p>\u200b<\/p>\n\n\n\n<p>\u200b<\/p>\n\n\n\n<p>\u200b<\/p>\n\n\n\n<p>\u200b<\/p>\n\n\n\n<p>\u200b<\/p>\n\n\n\n<p>\u200b<\/p>\n\n\n\n<p>\u200b<\/p>\n\n\n\n<p>\u200b<\/p>\n\n\n\n<p>\u200b<\/p>\n\n\n\n<p><strong>\u200b<\/strong><\/p>\n\n\n\n<p><strong>\u200b<\/strong><\/p>\n\n\n\n<p><strong>\u200b<\/strong><\/p>\n\n\n\n<p><strong>\u200b<\/strong><\/p>\n\n\n\n<p><strong>\u200b<\/strong><\/p>\n\n\n\n<p><strong>\u200b<\/strong><\/p>\n\n\n\n<p><strong>\u200b<\/strong><\/p>\n\n\n\n<p><strong>\u200b<\/strong><\/p>\n\n\n\n<p><strong>\u200b<\/strong><\/p>\n\n\n\n<p><strong>\u200b<\/strong><\/p>\n\n\n\n<p><strong>\u200b<\/strong><\/p>\n\n\n\n<p><strong>\u200b<\/strong><\/p>\n\n\n\n<p><strong>\u200b<\/strong><\/p>\n\n\n\n<p><strong>\u200b<\/strong><\/p>\n\n\n\n<p><strong>\u200b<\/strong><\/p>\n\n\n\n<p><strong>\u200b<\/strong><\/p>\n\n\n\n<p><strong>\u200b<\/strong><\/p>\n\n\n\n<p><strong>\u200b<\/strong><\/p>\n\n\n\n<p><strong>\u200b<\/strong><\/p>\n\n\n\n<p><strong>\u200b<\/strong><\/p>\n\n\n\n<p><strong>\u200b<\/strong><\/p>\n\n\n\n<p><strong>\u200b<\/strong><\/p>\n\n\n\n<p><strong>\u200b<\/strong><\/p>\n\n\n\n<p><strong>\u200b<\/strong><\/p>\n\n\n\n<p><strong>\u200b<\/strong><\/p>\n\n\n\n<p><strong>\u200b<\/strong><\/p>\n\n\n\n<p><strong>\u200b<\/strong><\/p>\n\n\n\n<p><strong>\u200b<\/strong><\/p>\n\n\n\n<p><strong>\u200b<\/strong><\/p>\n\n\n\n<p><strong>\u200b<\/strong><\/p>\n\n\n\n<p><strong>\u200b<\/strong><\/p>\n\n\n\n<p><strong>\u200b<\/strong><\/p>\n\n\n\n<p><strong>\u200b<\/strong><\/p>\n\n\n\n<p><strong>\u200b<\/strong><\/p>\n\n\n\n<p><strong>\u200b<\/strong><\/p>\n\n\n\n<p><strong>\u200b<\/strong><\/p>\n\n\n\n<p><strong>\u200b<\/strong><\/p>\n\n\n\n<p><strong>\u200b<\/strong><\/p>\n\n\n\n<p><strong>\u200b<\/strong><\/p>\n\n\n\n<p><strong>\u200b<\/strong><\/p>\n\n\n\n<p><strong>\u200b<\/strong><\/p>\n\n\n\n<p><strong>\u200b<\/strong><\/p>\n\n\n\n<p><strong>\u200b<\/strong><\/p>\n\n\n\n<p><strong>\u200b<\/strong><\/p>\n\n\n\n<p><strong>\u200b<\/strong><\/p>\n\n\n\n<p><strong>\u200b<\/strong><\/p>\n\n\n\n<p>\u200b<\/p>\n\n\n\n<p>\u200b<\/p>\n\n\n\n<p>\u200b<\/p>\n\n\n\n<p>\u200b<\/p>\n\n\n\n<p>\u200b<\/p>\n\n\n\n<p>\u200b<\/p>\n\n\n\n<p>\u200b<\/p>\n\n\n\n<p>\u200b<\/p>\n\n\n\n<p><strong>\u200b<\/strong><\/p>","protected":false},"excerpt":{"rendered":"<p>TV REPORTA\u017dE I PRILOZI: \u200bhttps:\/\/dnevnik.hr\/vijesti\/hrvatska\/davor-bozinovic-policajci-imaju-logisticki-suport&#8212;540361.html \u200bhttps:\/\/vijesti.hrt.hr\/475215\/strucnjaci-raspravljaju-o-novom-psiholoskom-pristupu-u-policiji https:\/\/www.youtube.com\/watch?v=-43QQUIX7m0 HRT1&nbsp;emisija \u201ePrometej\u201c (za pristup se besplatno registrirajte na web stranici HRT-a, potom na izborniku&nbsp;odaberite \u2013&nbsp;videoteka,&nbsp;potom u rubrici \u201eznanost\u201c odaberite emisiju \u201ePrometej\u201c). 2 emitiranja: 17.1.2019. \u2013 \u201eIdeja je vje\u010dna\u201c &#8211; prilog o radu Savjetovali\u0161ta i provedbi MBCT treninga i 31.1.2019. \u2013\u201eZnanost s potpisom\u201c \u2013 intervju s voditeljicom Savjetovali\u0161ta HRT4 [&hellip;]<\/p>","protected":false},"author":1,"featured_media":0,"parent":0,"menu_order":0,"comment_status":"closed","ping_status":"closed","template":"","meta":[],"_links":{"self":[{"href":"https:\/\/cmzvps.com.hr\/en\/wp-json\/wp\/v2\/pages\/77"}],"collection":[{"href":"https:\/\/cmzvps.com.hr\/en\/wp-json\/wp\/v2\/pages"}],"about":[{"href":"https:\/\/cmzvps.com.hr\/en\/wp-json\/wp\/v2\/types\/page"}],"author":[{"embeddable":true,"href":"https:\/\/cmzvps.com.hr\/en\/wp-json\/wp\/v2\/users\/1"}],"replies":[{"embeddable":true,"href":"https:\/\/cmzvps.com.hr\/en\/wp-json\/wp\/v2\/comments?post=77"}],"version-history":[{"count":46,"href":"https:\/\/cmzvps.com.hr\/en\/wp-json\/wp\/v2\/pages\/77\/revisions"}],"predecessor-version":[{"id":1329,"href":"https:\/\/cmzvps.com.hr\/en\/wp-json\/wp\/v2\/pages\/77\/revisions\/1329"}],"wp:attachment":[{"href":"https:\/\/cmzvps.com.hr\/en\/wp-json\/wp\/v2\/media?parent=77"}],"curies":[{"name":"wp","href":"https:\/\/api.w.org\/{rel}","templated":true}]}}