{"id":78,"date":"2020-06-21T15:01:30","date_gmt":"2020-06-21T15:01:30","guid":{"rendered":"https:\/\/cmzvps.com.hr\/?page_id=78"},"modified":"2022-05-04T07:13:11","modified_gmt":"2022-05-04T07:13:11","slug":"lokacija","status":"publish","type":"page","link":"https:\/\/cmzvps.com.hr\/en\/lokacija\/","title":{"rendered":"Location"},"content":{"rendered":"<div class=\"wp-block-image\"><figure class=\"aligncenter size-large is-resized\"><img decoding=\"async\" loading=\"lazy\" src=\"https:\/\/cmzvps.com.hr\/wp-content\/uploads\/2020\/06\/location-162102_1280-1024x931.png\" alt=\"profile-2398782_1920.png\" class=\"wp-image-245\" width=\"163\" height=\"148\" srcset=\"https:\/\/cmzvps.com.hr\/wp-content\/uploads\/2020\/06\/location-162102_1280-1024x931.png 1024w, https:\/\/cmzvps.com.hr\/wp-content\/uploads\/2020\/06\/location-162102_1280-300x273.png 300w, https:\/\/cmzvps.com.hr\/wp-content\/uploads\/2020\/06\/location-162102_1280-768x698.png 768w, https:\/\/cmzvps.com.hr\/wp-content\/uploads\/2020\/06\/location-162102_1280-1200x1091.png 1200w, https:\/\/cmzvps.com.hr\/wp-content\/uploads\/2020\/06\/location-162102_1280.png 1280w\" sizes=\"(max-width: 163px) 100vw, 163px\" \/><\/figure><\/div>\n\n\n\n<p>Adresa Savjetovali\u0161ta je\u00a0<strong><a href=\"https:\/\/www.google.hr\/maps\/place\/MUP+RH+-+Policijska+akademija\/@45.8382525,16.0279535,17z\/data=!3m1!4b1!4m5!3m4!1s0x4765d7f3b5ad8023:0xa6255ffe955089c2!8m2!3d45.8382525!4d16.0301422\">Avenija Gojka \u0160u\u0161ka 1, 10000 Zagreb<\/a><\/strong>.<br><br>Na\u0161 se ured nalazi na Policijskoj akademiji \u2013 u paviljonu br. 3. Na zadnjem katu &#8211; soba br. 402 je ured Savjetovali\u0161ta.<\/p>\n\n\n\n<p><\/p>\n\n\n\n<div class=\"wp-block-image\"><figure class=\"aligncenter is-resized\"><img decoding=\"async\" loading=\"lazy\" src=\"https:\/\/cmzvps.com.hr\/wp-content\/uploads\/2022\/05\/savjetovaliste-logo-2022-3-987x1024.png\" alt=\"Ova slika ima prazan alt atribut ; naziv datoteke je savjetovaliste-logo-2022-3-987x1024.png\" width=\"357\" height=\"369\"\/><\/figure><\/div>","protected":false},"excerpt":{"rendered":"<p>Adresa Savjetovali\u0161ta je\u00a0Avenija Gojka \u0160u\u0161ka 1, 10000 Zagreb. Na\u0161 se ured nalazi na Policijskoj akademiji \u2013 u paviljonu br. 3. Na zadnjem katu &#8211; soba br. 402 je ured Savjetovali\u0161ta.<\/p>","protected":false},"author":1,"featured_media":0,"parent":0,"menu_order":0,"comment_status":"closed","ping_status":"closed","template":"","meta":[],"_links":{"self":[{"href":"https:\/\/cmzvps.com.hr\/en\/wp-json\/wp\/v2\/pages\/78"}],"collection":[{"href":"https:\/\/cmzvps.com.hr\/en\/wp-json\/wp\/v2\/pages"}],"about":[{"href":"https:\/\/cmzvps.com.hr\/en\/wp-json\/wp\/v2\/types\/page"}],"author":[{"embeddable":true,"href":"https:\/\/cmzvps.com.hr\/en\/wp-json\/wp\/v2\/users\/1"}],"replies":[{"embeddable":true,"href":"https:\/\/cmzvps.com.hr\/en\/wp-json\/wp\/v2\/comments?post=78"}],"version-history":[{"count":15,"href":"https:\/\/cmzvps.com.hr\/en\/wp-json\/wp\/v2\/pages\/78\/revisions"}],"predecessor-version":[{"id":1290,"href":"https:\/\/cmzvps.com.hr\/en\/wp-json\/wp\/v2\/pages\/78\/revisions\/1290"}],"wp:attachment":[{"href":"https:\/\/cmzvps.com.hr\/en\/wp-json\/wp\/v2\/media?parent=78"}],"curies":[{"name":"wp","href":"https:\/\/api.w.org\/{rel}","templated":true}]}}