{"id":81,"date":"2020-06-21T15:01:30","date_gmt":"2020-06-21T15:01:30","guid":{"rendered":"https:\/\/cmzvps.com.hr\/?page_id=81"},"modified":"2022-05-04T07:53:10","modified_gmt":"2022-05-04T07:53:10","slug":"novosti","status":"publish","type":"page","link":"https:\/\/cmzvps.com.hr\/en\/novosti\/","title":{"rendered":"News"},"content":{"rendered":"<div class=\"wp-block-image\"><figure class=\"aligncenter size-large is-resized\"><img decoding=\"async\" loading=\"lazy\" src=\"https:\/\/cmzvps.com.hr\/wp-content\/uploads\/2020\/06\/pismo-1024x512.png\" alt=\"Book, Notebook, Icon, Set, Web, Library\" class=\"wp-image-275\" width=\"458\" height=\"229\" srcset=\"https:\/\/cmzvps.com.hr\/wp-content\/uploads\/2020\/06\/pismo-1024x512.png 1024w, https:\/\/cmzvps.com.hr\/wp-content\/uploads\/2020\/06\/pismo-300x150.png 300w, https:\/\/cmzvps.com.hr\/wp-content\/uploads\/2020\/06\/pismo-768x384.png 768w, https:\/\/cmzvps.com.hr\/wp-content\/uploads\/2020\/06\/pismo-1200x600.png 1200w, https:\/\/cmzvps.com.hr\/wp-content\/uploads\/2020\/06\/pismo.png 1280w\" sizes=\"(max-width: 458px) 100vw, 458px\" \/><\/figure><\/div>\n\n\n\n<ul><li>U sije\u010dnju 2022. zapo\u010deo je Erasmus projekt (KA2) <em>PROTECT Reducing Psychological Risks in Law Enforcement: Training as a means to Wellbeing<\/em>, na kojem je Savjetovali\u0161te partnerska organizacija. Cilj projekta je smanjivanje psihosocijalnih rizika u policiji kroz 4 modula: 1.<em>Emergency Stress Reduction<\/em>; 2.<em>Strategies for Normative Mourning<\/em>; 3. <em>Healthy Phasing-Out<\/em> i 4. <em>Work-Life Balance<\/em>. Nositelji projekta su Policijska slu\u017eba javne sigurnosti u Portugalu (The Pol\u00edcia de Seguran\u00e7a P\u00fablica, Portugal) i Centar za biomedicinsko pravo u Portugalu&nbsp;&nbsp;(Centro de Direito Biom\u00e9dico, Portugal). Ostali partneri su: Ministarstvo unutarnje uprave&nbsp;&nbsp;u Portugalu (Ministerio da administracao interna, Portugal), dr\u017eavna policija Ministarstva unutarnjih poslova Latvije (Iekslietu Ministrijas valsts policija state police of the Ministry of interior, Latvia) i berlinska policija (Polizei Berlin, Germany).<\/li><\/ul>\n\n\n\n<p><\/p>\n\n\n\n<ul><li>Savjetovali\u0161te je dobilo poziv od Agencije za znanost i visoko obrazovanje (AZVO) da, kao primjer dobre prakse, sudjeluje u AZVO edukaciji namijenjenoj visokim u\u010dili\u0161tima. Predavanje\/radionica na temu &#8220;Osnutak i djelovanje Savjetovali\u0161ta Visoke policijske&nbsp;\u0161kole&#8221; uvr\u0161tena je u godi\u0161nji plan edukacija (<a rel=\"noreferrer noopener\" href=\"https:\/\/www.azvo.hr\/en\/radionice\/najave-radionica\" target=\"_blank\">https:\/\/www.azvo.hr\/en\/radionice\/najave-radionica<\/a>) za 2021. godinu, a cilj predavanja je&nbsp;edukacija i motivacija drugih u\u010dili\u0161ta za osnivanje vlastitog savjetovali\u0161ta.<\/li><\/ul>\n\n\n\n<ul><li>uz suglasnost Ravnateljstva policije i Kabineta ministra, Savjetovali\u0161te je provelo istra\u017eivanje o utjecaju pandemije COVID-19 na policijske slu\u017ebenike i policijski sustav.  Intervju na temu provedenog istra\u017eivanja u emisiji \u201cStudio4\u201d na HRT4 mo\u017eete pogledati&nbsp;<a href=\"https:\/\/vijesti.hrt.hr\/634652\/kako-je-koronakriza-utjecala-na-policajce\">ovdje<\/a>, a u emisiji \u201cDnevnik Nove TV\u201d na NOVA TV&nbsp;<a href=\"https:\/\/www.presscut.hr\/videoclip\/MP4\/2020\/2020-07\/2020-07-18\/VideoClip_1F0D1DF5-ACF0-4334-BC39-200FD73780DF_4050609.mp4\">ovdje<\/a>. Rezultate smo prezentirali i na nekoliko <a href=\"https:\/\/cmzvps.com.hr\/en\/znanost\/\">konferencija<\/a>. Izvje\u0161taj mo\u017eete preuzeti ovdje:<\/li><\/ul>\n\n\n\n<div class=\"wp-block-file\"><a href=\"https:\/\/cmzvps.com.hr\/wp-content\/uploads\/2021\/05\/P-COVID-19-izvjestaj.pdf\">P-COVID-19-izvjestaj<\/a><a href=\"https:\/\/cmzvps.com.hr\/wp-content\/uploads\/2021\/05\/P-COVID-19-izvjestaj.pdf\" class=\"wp-block-file__button\" download>Download<\/a><\/div>\n\n\n\n<ul><li>u vrijeme pandemije COVID-19 djelatnost pru\u017eanja&nbsp;psiholo\u0161ke pomo\u0107i uspje\u0161no se odvija preko zoom aplikacije, kao i edukacijska djelatnost (te\u010dajevi, seminari)<\/li><\/ul>\n\n\n\n<ul><li>u vrijeme pandemije COVID-19 sudjelovali smo, na temu utjecaja pandemije na hrvatske policajce, na sljede\u0107im konferencijama:<\/li><\/ul>\n\n\n\n<p><em>Glavina Jela\u0161, I., Karlovi\u0107, R., Pa\u010delat, J., Matec Mamuzi\u0107, I., Komadina, T. (2021). Prediktori policijskog stresa u vrije epidemije COVID-19 u Hrvatskoj. U Lj. Pa\u010di\u0107-Turk, M. \u017duti\u0107 (Ur.), Suo\u010davanje s kriznim situacijama \u2013 putevi ja\u010danja otpornosti.<\/em>&nbsp;<em>3. me\u0111unarodni znanstveno-stru\u010dni skup Odjela za psihologiju Hrvatskog katoli\u010dkog sveu\u010dili\u0161ta. Knjiga sa\u017eetaka<\/em> (str. 132). Zagreb: HKS<\/p>\n\n\n\n<p><em>Glavina Jela\u0161, I., Karlovi\u0107, R., Pa\u010delat, J., Matec-Mamuzi\u0107, I., Komadina, T. (2021, studeni).&nbsp; Percepcija posla i funkcioniranja policijskog sustava u vrijeme epidemije COVID -19 u Hrvatskoj od strane policijskih slu\u017ebenika. (Usmeno izlaganje). Pandemija Covid-19 \u2013 odgovor nauke na izazov stolje\u0107a. XIX. Dani kriminalisti\u010dkih nauka. Sarajevo: Univerzitet u Sarajevu.<\/em><\/p>\n\n\n\n<p><em>Glavina Jela\u0161, I., Karlovi\u0107, R., Pa\u010delat, J., Matec-Mamuzi\u0107, I., Komadina, T (2021). Mentalno zdravlje hrvatskih policijskih slu\u017ebenika u vrijeme epidemije COVID-19 u RH. XXII. Dani psihologije u Zadru, Zadar<\/em>:<em> Odjel za psihologiju Sveu\u010dili\u0161ta u Zadru.<\/em><\/p>\n\n\n\n<p><em>Karlovi\u0107, R., Glavina Jela\u0161, I., Pa\u010delat, J., Matec-Mamuzi\u0107, I., Komadina, T (2021). Policijska percepcija pona\u0161anja gra\u0111ana u vrijeme epidemije COVID-19 u RH. XXII. Dani psihologije u Zadru, Zadar<\/em>: <em>Odjel za psihologiju Sveu\u010dili\u0161ta u Zadru.<\/em><\/p>\n\n\n\n<p><em>Glavina Jela\u0161, I., Karlovi\u0107, R., Pa\u010delat, J., Matec-Mamuzi\u0107, I., Komadina, T (2021). Kako je epidemija COVID-19 utjecala na hrvatske policajce i njihovo zadovoljstvo \u017eivotom? Rijeka psihologije. 14. Tjedan psihologije u Hrvatskoj. Rijeka: Hrvatsko psiholo\u0161ko dru\u0161tvo.<\/em><\/p>\n\n\n\n<p><em>Glavina Jela\u0161, I., Karlovi\u0107, R., Pa\u010delat, J., Matec-Mamuzi\u0107, I., Komadina, T (2021). Virus ili potres \u2013 s \u010dime su se hrvatski policijski slu\u017ebenici bolje nosili? Rijeka psihologije. 14. Tjedan psihologije u Hrvatskoj. Rijeka: Hrvatsko psiholo\u0161ko dru\u0161tvo.<\/em><\/p>\n\n\n\n<p><\/p>\n\n\n\n<div class=\"wp-block-image\"><figure class=\"aligncenter is-resized\"><img decoding=\"async\" loading=\"lazy\" src=\"https:\/\/cmzvps.com.hr\/wp-content\/uploads\/2022\/05\/savjetovaliste-logo-2022-3-987x1024.png\" alt=\"Ova slika ima prazan alt atribut ; naziv datoteke je savjetovaliste-logo-2022-3-987x1024.png\" width=\"352\" height=\"365\"\/><\/figure><\/div>\n\n\n\n<p>\u200b\u200b<\/p>\n\n\n\n<p>\u200b<\/p>\n\n\n\n<p>\u200b<\/p>\n\n\n\n<p>\u200b<\/p>\n\n\n\n<p>\u200b<\/p>","protected":false},"excerpt":{"rendered":"<p>U sije\u010dnju 2022. zapo\u010deo je Erasmus projekt (KA2) PROTECT Reducing Psychological Risks in Law Enforcement: Training as a means to Wellbeing, na kojem je Savjetovali\u0161te partnerska organizacija. Cilj projekta je smanjivanje psihosocijalnih rizika u policiji kroz 4 modula: 1.Emergency Stress Reduction; 2.Strategies for Normative Mourning; 3. Healthy Phasing-Out i 4. Work-Life Balance. Nositelji projekta su [&hellip;]<\/p>","protected":false},"author":1,"featured_media":0,"parent":0,"menu_order":0,"comment_status":"closed","ping_status":"closed","template":"","meta":[],"_links":{"self":[{"href":"https:\/\/cmzvps.com.hr\/en\/wp-json\/wp\/v2\/pages\/81"}],"collection":[{"href":"https:\/\/cmzvps.com.hr\/en\/wp-json\/wp\/v2\/pages"}],"about":[{"href":"https:\/\/cmzvps.com.hr\/en\/wp-json\/wp\/v2\/types\/page"}],"author":[{"embeddable":true,"href":"https:\/\/cmzvps.com.hr\/en\/wp-json\/wp\/v2\/users\/1"}],"replies":[{"embeddable":true,"href":"https:\/\/cmzvps.com.hr\/en\/wp-json\/wp\/v2\/comments?post=81"}],"version-history":[{"count":28,"href":"https:\/\/cmzvps.com.hr\/en\/wp-json\/wp\/v2\/pages\/81\/revisions"}],"predecessor-version":[{"id":1320,"href":"https:\/\/cmzvps.com.hr\/en\/wp-json\/wp\/v2\/pages\/81\/revisions\/1320"}],"wp:attachment":[{"href":"https:\/\/cmzvps.com.hr\/en\/wp-json\/wp\/v2\/media?parent=81"}],"curies":[{"name":"wp","href":"https:\/\/api.w.org\/{rel}","templated":true}]}}